{"id":8,"date":"2019-02-21T09:00:18","date_gmt":"2019-02-21T08:00:18","guid":{"rendered":"http:\/\/www.2radschweiz.ch\/fr\/?page_id=8"},"modified":"2026-02-12T13:49:30","modified_gmt":"2026-02-12T12:49:30","slug":"mecanicien-cienne-en-cycles","status":"publish","type":"page","link":"https:\/\/www.2radschweiz.ch\/fr\/2rad-professions\/mecanicien-cienne-en-cycles\/","title":{"rendered":"M\u00e9canicien\/-cienne en cycles"},"content":{"rendered":"<div id=\"pl-8\"  class=\"panel-layout\" ><div id=\"pg-8-0\"  class=\"panel-grid panel-no-style\" ><div id=\"pgc-8-0-0\"  class=\"panel-grid-cell\" ><div id=\"panel-8-0-0-0\" class=\"so-panel widget widget_sow-editor panel-first-child panel-last-child\" data-index=\"0\" ><div\n\t\t\t\n\t\t\tclass=\"so-widget-sow-editor so-widget-sow-editor-base\"\n\t\t\t\n\t\t>\n<div class=\"siteorigin-widget-tinymce textwidget\">\n\t<p>Si vous aimez la technique, travaillez volontiers en \u00e9quipe et prenez plaisir \u00e0 conseiller la client\u00e8le, vous avez de bonnes dispositions pour exercer cette profession.<br \/>\nComme les m\u00e9caniciens et m\u00e9caniciennes en cycles sont charg\u00e9s de prendre en charge les v\u00e9hicules des clients, de les \u00e9valuer et d\u2019ex\u00e9cuter les ordres de mani\u00e8re professionnelle, ils doivent donc effectuer le contr\u00f4le des fonctions, les travaux de service et de r\u00e9paration de ces v\u00e9hicules. Ils conseillent les clients lors de l\u2019achat de v\u00e9los traditionnels, de bikes high-tech, de v\u00e9los \u00e9lectriques et de course. Ils les aident \u00e9galement \u00e0 choisir les accessoires et l\u2019\u00e9quipement ad\u00e9quats. Vous trouverez des informations sur <a href=\"https:\/\/metiers-deux-roues.ch\/\">www.metiers-deux-roues.ch<\/a><\/p>\n<\/div>\n<\/div><\/div><\/div><\/div><div id=\"pg-8-1\"  class=\"panel-grid panel-no-style\" ><div id=\"pgc-8-1-0\"  class=\"panel-grid-cell\" ><div id=\"panel-8-1-0-0\" class=\"so-panel widget widget_sow-editor panel-first-child panel-last-child\" data-index=\"1\" ><div\n\t\t\t\n\t\t\tclass=\"so-widget-sow-editor so-widget-sow-editor-base\"\n\t\t\t\n\t\t><h3 class=\"widget-title\">T\u00e9l\u00e9chargements\/Ordonner<\/h3>\n<div class=\"siteorigin-widget-tinymce textwidget\">\n\t<p><strong>Nouveaux documents \u00e0 partir du d\u00e9but de l'apprentissage 2025<\/strong><\/p>\n<ul>\n<li><a href=\"https:\/\/www.2radschweiz.ch\/fr\/wp-content\/uploads\/2rad-BiVo-Fahrradmechaniker-in-Kraft-01.10.2024-FR.pdf\" target=\"_blank\" rel=\"noopener\">Ordonnance de formation<\/a><\/li>\n<li><a href=\"https:\/\/www.2radschweiz.ch\/fr\/wp-content\/uploads\/2rad-bipla-fm-fr-version-finale-pour-sefri-13082024.pdf\" target=\"_blank\" rel=\"noopener\">Plan de formation<\/a><\/li>\n<li><a href=\"https:\/\/www.2radschweiz.ch\/fr\/wp-content\/uploads\/PlafoN-EP-MC-version-1.1-FR.pdf\" target=\"_blank\" rel=\"noopener\">Plan de formation national Ecole professionnelle (PlafoN EP), version 1.1<\/a><\/li>\n<li><a href=\"https:\/\/www.2radschweiz.ch\/fr\/wp-content\/uploads\/PSn-SP-MB-1a-versione-1.1-IT.pdf\" target=\"_blank\" rel=\"noopener\">Piano di studio nazionale per le scuole professionali (PSn-SP), versione 1.1<\/a><\/li>\n<li><a href=\"https:\/\/www.2radschweiz.ch\/fr\/wp-content\/uploads\/Ausbildungsprogramm-Lehrbetriebe-FM-Version-1.1-April-2025_FR.pdf\" target=\"_blank\" rel=\"noopener\">Programme de formation pour les entreprises formatrices, 1<sup>e<\/sup> version (\u00e9tat en 04\/2025)<\/a><\/li>\n<li><a href=\"https:\/\/www.2radschweiz.ch\/fr\/wp-content\/uploads\/Ausbildungsprogramm-ueK-FM-Version-1.4-FR.pdf\" target=\"_blank\" rel=\"noopener\">Programme de formation pour les cours interentreprises (CI), 1<sup>e<\/sup> version (\u00e9tat en 06\/2025)<\/a><\/li>\n<li><a href=\"https:\/\/www.2radschweiz.ch\/fr\/wp-content\/uploads\/Ausbildungsprogramm-Lehrbetriebe-FM-Version-1.1-April-2025-IT.pdf\" target=\"_blank\" rel=\"noopener\">Programma di formazione per le aziende formatrici, versione,\u00a0 1<sup>a<\/sup> versione (stato al 04\/2025)<\/a><\/li>\n<li><a href=\"https:\/\/www.2radschweiz.ch\/fr\/wp-content\/uploads\/Ausbildungsprogramm-ueK-FM-Version-1.4-IT.pdf\" target=\"_blank\" rel=\"noopener\">Programma di formazione per i corsi interaziendali (CI), 1<sup>a<\/sup> versione (stato al 06\/2025)<\/a><\/li>\n<li><a href=\"https:\/\/www.2radschweiz.ch\/fr\/wp-content\/uploads\/Liste-des-professions-apparentees-2024-04-29.pdf\" target=\"_blank\" rel=\"noopener\">Fiche d'information sur les exigences professionnelles minimales pour les formateurs professionnels, Liste des professions apparent\u00e9es (29 avril 2024)<\/a><\/li>\n<li><a href=\"https:\/\/www.2radschweiz.ch\/fr\/contact\/\" target=\"_blank\" rel=\"noopener\">Commander le classeur de formation (Prix: CHF 60 frais d'exp\u00e9dition compris)<\/a><\/li>\n<\/ul>\n<p><strong>Documents jusqu'au du d\u00e9but de l'apprentissage 2024<\/strong><\/p>\n<ul style=\"list-style-type: square; margin-top: -4px;\">\n<li><a href=\"https:\/\/www.2radschweiz.ch\/fr\/wp-content\/uploads\/2019\/03\/2rad_-_bivo_fahrradmechaniker_fr_1.1.2018.pdf\" target=\"_blank\" rel=\"noopener\">l'ordonnance (1er jan. 2018)<\/a><\/li>\n<li><a href=\"https:\/\/www.2radschweiz.ch\/fr\/wp-content\/uploads\/2019\/03\/2rad_-_bildungsplan_fahrrradmechaniker_fr_2017.pdf\" target=\"_blank\" rel=\"noopener\">le plan de Formation 5 sept. 2011)<\/a><\/li>\n<li><a href=\"https:\/\/www.2radschweiz.ch\/fr\/wp-content\/uploads\/2019\/03\/2rad_-_4_bildungsbericht_f.pdf\" target=\"_blank\" rel=\"noopener\">le rapport de Formation (2012)<\/a><\/li>\n<li><a href=\"https:\/\/www.2radschweiz.ch\/fr\/wp-content\/uploads\/2019\/03\/2rad_-_7_wegleitung_qv_fm_version_1_2012_b_q_fr.pdf\" target=\"_blank\" rel=\"noopener\">la directive pour le proc\u00e9dure de qualification (15 oct. 2012)<\/a><\/li>\n<li><a href=\"https:\/\/www.2radschweiz.ch\/fr\/wp-content\/uploads\/2019\/03\/2rad_-_verzeichnis_der_mindesteinrichtungen_fr.pdf\" target=\"_blank\" rel=\"noopener\">la liste des installations minimales (25 juin 2012)<\/a><\/li>\n<li><a href=\"https:\/\/www.2radschweiz.ch\/fr\/wp-content\/uploads\/2019\/03\/2rad_-_empfehlung_fuer_zusatzausbildung_fr.pdf\" target=\"_blank\" rel=\"noopener\">les recommandations pour formation continue (25 juin 2012)<\/a><\/li>\n<\/ul>\n<\/div>\n<\/div><\/div><\/div><div id=\"pgc-8-1-1\"  class=\"panel-grid-cell\" ><div id=\"panel-8-1-1-0\" class=\"so-panel widget widget_sow-editor panel-first-child panel-last-child\" data-index=\"2\" ><div\n\t\t\t\n\t\t\tclass=\"so-widget-sow-editor so-widget-sow-editor-base\"\n\t\t\t\n\t\t><h3 class=\"widget-title\">Exigences<\/h3>\n<div class=\"siteorigin-widget-tinymce textwidget\">\n\t<p>- Habilet\u00e9 manuelle<br \/>\n- Compr\u00e9hension technique<br \/>\n- Bonne capacit\u00e9 d\u2019\u00e9valuation<br \/>\n- Travail pr\u00e9cis<br \/>\n- Sens de la client\u00e8le<\/p>\n<\/div>\n<\/div><\/div><\/div><\/div><div id=\"pg-8-2\"  class=\"panel-grid panel-no-style\" ><div id=\"pgc-8-2-0\"  class=\"panel-grid-cell\" ><div id=\"panel-8-2-0-0\" class=\"so-panel widget widget_sow-editor panel-first-child panel-last-child\" data-index=\"3\" ><div\n\t\t\t\n\t\t\tclass=\"so-widget-sow-editor so-widget-sow-editor-base\"\n\t\t\t\n\t\t><h3 class=\"widget-title\">Formation<\/h3>\n<div class=\"siteorigin-widget-tinymce textwidget\">\n\t<p>Fin de scolarit\u00e9 obligatoire et bonnes connaissances en math\u00e9matiques et physique.<\/p>\n<\/div>\n<\/div><\/div><\/div><div id=\"pgc-8-2-1\"  class=\"panel-grid-cell\" ><div id=\"panel-8-2-1-0\" class=\"so-panel widget widget_sow-editor panel-first-child panel-last-child\" data-index=\"4\" ><div\n\t\t\t\n\t\t\tclass=\"so-widget-sow-editor so-widget-sow-editor-base\"\n\t\t\t\n\t\t><h3 class=\"widget-title\">Apprentissage <\/h3>\n<div class=\"siteorigin-widget-tinymce textwidget\">\n\t<p>3 ann\u00e9es de formation pratique en entreprise associ\u00e9es \u00e0 une formation th\u00e9orique de 1 jour par semaine \u00e0 l\u2019\u00e9cole professionnelle.<\/p>\n<\/div>\n<\/div><\/div><\/div><\/div><div id=\"pg-8-3\"  class=\"panel-grid panel-no-style\" ><div id=\"pgc-8-3-0\"  class=\"panel-grid-cell\" ><div id=\"panel-8-3-0-0\" class=\"so-panel widget widget_sow-editor panel-first-child panel-last-child\" data-index=\"5\" ><div\n\t\t\t\n\t\t\tclass=\"so-widget-sow-editor so-widget-sow-editor-base\"\n\t\t\t\n\t\t><h3 class=\"widget-title\">Particularit\u00e9s<\/h3>\n<div class=\"siteorigin-widget-tinymce textwidget\">\n\t<p>Les m\u00e9caniciens et les m\u00e9caniciennes en cycles travaillent le plus souvent dans des petites ou moyennes entreprises. Ils sont plus sollicit\u00e9s au printemps et en \u00e9t\u00e9 lorsque la saison v\u00e9lo bat son plein. Leur temps de travail correspond aux heures d\u2019ouverture usuelles des magasins. Le samedi est donc un jour ouvrable et le lundi, en principe, le jour de repos hebdomadaire. <\/p>\n<\/div>\n<\/div><\/div><\/div><div id=\"pgc-8-3-1\"  class=\"panel-grid-cell\" ><div id=\"panel-8-3-1-0\" class=\"so-panel widget widget_sow-editor panel-first-child panel-last-child\" data-index=\"6\" ><div\n\t\t\t\n\t\t\tclass=\"so-widget-sow-editor so-widget-sow-editor-base\"\n\t\t\t\n\t\t><h3 class=\"widget-title\">Maturit\u00e9 professionnelle<\/h3>\n<div class=\"siteorigin-widget-tinymce textwidget\">\n\t<p>En cas de tr\u00e8s bons r\u00e9sultats scolaires, il est possible de suivre les cours de l\u2019\u00e9cole de culture g\u00e9n\u00e9rale en parall\u00e8le avec la formation initiale.<\/p>\n<\/div>\n<\/div><\/div><\/div><\/div><div id=\"pg-8-4\"  class=\"panel-grid panel-no-style\" ><div id=\"pgc-8-4-0\"  class=\"panel-grid-cell\" ><div id=\"panel-8-4-0-0\" class=\"so-panel widget widget_sow-editor panel-first-child panel-last-child\" data-index=\"7\" ><div\n\t\t\t\n\t\t\tclass=\"so-widget-sow-editor so-widget-sow-editor-base\"\n\t\t\t\n\t\t><h3 class=\"widget-title\">Dipl\u00f4me<\/h3>\n<div class=\"siteorigin-widget-tinymce textwidget\">\n\t<p>Le Certificat f\u00e9d\u00e9ral de capacit\u00e9 de \u201eM\u00e9canicien\/ne en motocycles de petite cylindr\u00e9e et en cycles CFC \u201c est obtenu apr\u00e8s avoir r\u00e9ussi l\u2019examen de fin d\u2019apprentissage. <\/p>\n<\/div>\n<\/div><\/div><\/div><div id=\"pgc-8-4-1\"  class=\"panel-grid-cell\" ><div id=\"panel-8-4-1-0\" class=\"so-panel widget widget_sow-editor panel-first-child panel-last-child\" data-index=\"8\" ><div\n\t\t\t\n\t\t\tclass=\"so-widget-sow-editor so-widget-sow-editor-base\"\n\t\t\t\n\t\t><h3 class=\"widget-title\">Formation continue<\/h3>\n<div class=\"siteorigin-widget-tinymce textwidget\">\n\t<p>Diff\u00e9rentes possibilit\u00e9s de formation continue sont propos\u00e9es d\u00e8s la fin de l\u2019apprentissage:<\/p>\n<p>- Apprentissage compl\u00e9mentaire de m\u00e9canicien\/ne en motocycles CFC<br \/>\n- Examen professionnel sup\u00e9rieur<br \/>\n- Ecole sup\u00e9rieure<br \/>\n- Haute \u00e9cole sp\u00e9cialis\u00e9e (HES).<\/p>\n<\/div>\n<\/div><\/div><\/div><\/div><div id=\"pg-8-5\"  class=\"panel-grid panel-no-style\" ><div id=\"pgc-8-5-0\"  class=\"panel-grid-cell\" ><div id=\"panel-8-5-0-0\" class=\"so-panel widget widget_sow-editor panel-first-child panel-last-child\" data-index=\"9\" ><div\n\t\t\t\n\t\t\tclass=\"so-widget-sow-editor so-widget-sow-editor-base\"\n\t\t\t\n\t\t>\n<div class=\"siteorigin-widget-tinymce textwidget\">\n\t\n<\/div>\n<\/div><\/div><\/div><\/div><\/div>","protected":false},"excerpt":{"rendered":"<p>Si vous aimez la technique, travaillez volontiers en \u00e9quipe et prenez plaisir \u00e0 conseiller la client\u00e8le, vous avez de bonnes dispositions pour exercer cette profession. Comme les m\u00e9caniciens et m\u00e9caniciennes en cycles sont charg\u00e9s de prendre en charge les v\u00e9hicules <a class=\"more-link\" href=\"https:\/\/www.2radschweiz.ch\/fr\/2rad-professions\/mecanicien-cienne-en-cycles\/\">weiterlesen&#8230;<\/a><\/p>\n","protected":false},"author":7,"featured_media":0,"parent":6,"menu_order":1,"comment_status":"closed","ping_status":"closed","template":"","meta":{"footnotes":""},"class_list":["post-8","page","type-page","status-publish","hentry"],"_links":{"self":[{"href":"https:\/\/www.2radschweiz.ch\/fr\/wp-json\/wp\/v2\/pages\/8","targetHints":{"allow":["GET"]}}],"collection":[{"href":"https:\/\/www.2radschweiz.ch\/fr\/wp-json\/wp\/v2\/pages"}],"about":[{"href":"https:\/\/www.2radschweiz.ch\/fr\/wp-json\/wp\/v2\/types\/page"}],"author":[{"embeddable":true,"href":"https:\/\/www.2radschweiz.ch\/fr\/wp-json\/wp\/v2\/users\/7"}],"replies":[{"embeddable":true,"href":"https:\/\/www.2radschweiz.ch\/fr\/wp-json\/wp\/v2\/comments?post=8"}],"version-history":[{"count":139,"href":"https:\/\/www.2radschweiz.ch\/fr\/wp-json\/wp\/v2\/pages\/8\/revisions"}],"predecessor-version":[{"id":3464,"href":"https:\/\/www.2radschweiz.ch\/fr\/wp-json\/wp\/v2\/pages\/8\/revisions\/3464"}],"up":[{"embeddable":true,"href":"https:\/\/www.2radschweiz.ch\/fr\/wp-json\/wp\/v2\/pages\/6"}],"wp:attachment":[{"href":"https:\/\/www.2radschweiz.ch\/fr\/wp-json\/wp\/v2\/media?parent=8"}],"curies":[{"name":"wp","href":"https:\/\/api.w.org\/{rel}","templated":true}]}}