{"id":3483,"date":"2026-03-03T16:31:27","date_gmt":"2026-03-03T15:31:27","guid":{"rendered":"https:\/\/www.2radschweiz.ch\/fr\/?page_id=3483"},"modified":"2026-03-10T16:39:44","modified_gmt":"2026-03-10T15:39:44","slug":"certification-ateliers-velo","status":"publish","type":"page","link":"https:\/\/www.2radschweiz.ch\/fr\/certification-ateliers-velo\/","title":{"rendered":"Certification pour ateliers v\u00e9lo"},"content":{"rendered":"<div id=\"pl-3483\"  class=\"panel-layout\" ><div id=\"pg-3483-0\"  class=\"panel-grid panel-has-style\" ><div class=\"panel-row-style panel-row-style-for-3483-0\" ><div id=\"pgc-3483-0-0\"  class=\"panel-grid-cell\" ><div id=\"panel-3483-0-0-0\" class=\"so-panel widget widget_sow-editor panel-first-child\" data-index=\"0\" ><div\n\t\t\t\n\t\t\tclass=\"so-widget-sow-editor so-widget-sow-editor-base\"\n\t\t\t\n\t\t>\n<div class=\"siteorigin-widget-tinymce textwidget\">\n\t<p>Au cours de la formation \u00abCertification d\u2019atelier\u00bb, vous apprenez tout ce qu\u2019il faut savoir sur un atelier parfaitement am\u00e9nag\u00e9 et sur le lieu de travail id\u00e9al, de la r\u00e9ception \u00e0 la restitution du v\u00e9hicule. La proc\u00e9dure de certification de votre atelier vous est \u00e9galement pr\u00e9sent\u00e9e en d\u00e9tail.\u00a0Vous d\u00e9couvrez de nombreuses informations int\u00e9ressantes sur le personnel, le droit et la gestion d\u2019entreprise.\u00a0Des intervenants exp\u00e9riment\u00e9s vous accompagnent tout au long de la formation.<\/p>\n<p><strong>Dates:<\/strong><br \/>\n28 et 29 octobre 2026 (deux jours et une nuit sur place)<br \/>\n2 d\u00e9cembre 2026<\/p>\n<p><strong>Co\u00fbts:<\/strong><br \/>\nCHF 1'400 (comprend formation, logement, repas)<\/p>\n<p><strong>Audit:<\/strong><br \/>\nCHF 400<\/p>\n<p><strong>Remarque:<br \/>\n<\/strong>Adh\u00e9sion 2roues Suisse obligatoire<\/p>\n<p>Si vous \u00eates int\u00e9ress\u00e9 ou si vous avez des questions, veuillez nous contacter par e-mail <a href=\"&#109;a&#105;l&#116;o&#x3a;i&#x6e;f&#x6f;&#64;&#x32;r&#x61;d&#x73;c&#x68;w&#x65;i&#x7a;&#46;&#x63;&#104;\">i&#110;&#102;&#111;&#x40;&#x32;&#x72;ad&#115;&#99;&#x68;&#x77;&#x65;&#x69;z&#46;&#99;&#104;<\/a> ou par t\u00e9l. 062 823 37 85.<\/p>\n<\/div>\n<\/div><\/div><div id=\"panel-3483-0-0-1\" class=\"so-panel widget widget_sow-editor panel-last-child\" data-index=\"1\" ><div\n\t\t\t\n\t\t\tclass=\"so-widget-sow-editor so-widget-sow-editor-base\"\n\t\t\t\n\t\t><h3 class=\"widget-title\">Inscription<\/h3>\n<div class=\"siteorigin-widget-tinymce textwidget\">\n\t<div style=\"display:none\" class=\"fm-form-container fm-theme1\"><div id=\"fm-pages9\" class=\"fm-pages wdform_page_navigation \" show_title=\"false\" show_numbers=\"true\" type=\"none\"><\/div><form name=\"form9\" action=\"\/fr\/wp-json\/wp\/v2\/pages\/3483\" method=\"post\" id=\"form9\" class=\"fm-form form9  \" enctype=\"multipart\/form-data\"><input type=\"hidden\" id=\"counter9\" value=\"20\" name=\"counter9\" \/><input type=\"hidden\" id=\"Itemid9\" value=\"\" name=\"Itemid9\" \/><input type=\"hidden\" id=\"fm_shake9\" value=\"1\" name=\"fm_shake9\" \/><input type=\"text\" class=\"fm-hide\" id=\"fm_empty_field_validation9\" value=\"\" name=\"fm_empty_field_validation9\" data-value=\"bd736efb144d599cf463541431fbf5c4\" \/><div class=\"wdform-page-and-images fm-form-builder\" style=\"border-top-color: black; border-top-width: 0px; border-top-style: solid; display: table;\"><div class=\"wdform_page\" id=\"9form_view1\" previous_checkable=\"false\" previous_class=\"wdform-page-button\" previous_type=\"text\" previous_title=\"Previous\" next_checkable=\"false\" next_class=\"wdform-page-button\" next_type=\"text\" next_title=\"Next\" page_title=\"Untitled page\"><div class=\"wdform_section fm-col-1\"><div class=\"wdform_column\"><div wdid=\"19\" class=\"wdform_row\"><div type=\"type_radio\" class=\"wdform-field wd-width-100 wd-flex wd-flex-row\"><div class=\"wdform-label-section wd-width-30  wd-flex-wrap wd-flex-column\" style=\"max-width: 195px;\">    <label  class=\"wdform-label\">Adh\u00e9sion:<\/label><span class=\"wdform-required\">*<\/span><\/div><div class=\"wdform-element-section wd-flex  wd-flex-wrap wd-flex-column wd-width-70\" ><div class=\"wd-flex wd-flex-column\"><input type=\"hidden\" name=\"wdform_19_element9\" value=\"\" \/><div class=\"radio-div wd-choice wd-flex wd-flex-row\"><input type=\"radio\"  id=\"wdform_19_element90\" name=\"wdform_19_element9\" value=\"Oui, je suis membre de 2roues Suisse\" onclick=\"set_default(&quot;wdform_19&quot;,&quot;0&quot;,&quot;9&quot;); \"   \/><label class=\"wd-align-items-center wd-flex wd-flex-row\" for=\"wdform_19_element90\"><span><\/span>Oui, je suis membre de 2roues Suisse<\/label><\/div><\/div><\/div><\/div><\/div><\/div><div class=\"wdform_column\"><div class=\"wdform_row\" wdid=\"1\" style=\"position: relative; left: 0px; top: 0px;\"><div type=\"type_text\" class=\"wdform-field wd-width-100 wd-flex wd-flex-row\"><div class=\"wdform-label-section wd-width-30  wd-flex-row wd-align-items-center\" style=\"max-width: 200px;\">    <label  for=\"wdform_1_element9\" class=\"wdform-label\">Nom:<\/label><span class=\"wdform-required\">*<\/span><\/div><div class=\"wdform-element-section wd-flex  wd-flex-row wd-align-items-center wd-width-70\" style=\"max-width: 200px;\"><input type=\"text\"                           class=\"wd-width-100\"                           id=\"wdform_1_element9\"                           name=\"wdform_1_element9\"                           value=\"\"                           title=\"\"                           placeholder=\"\"                                                       \/><\/div><\/div><\/div><\/div><div class=\"wdform_column\"><div class=\"wdform_row\" wdid=\"2\"><div type=\"type_text\" class=\"wdform-field wd-width-100 wd-flex wd-flex-row\"><div class=\"wdform-label-section wd-width-30  wd-flex-row wd-align-items-center\" style=\"max-width: 200px;\">    <label  for=\"wdform_2_element9\" class=\"wdform-label\">Pr\u00e9nom:<\/label><span class=\"wdform-required\">*<\/span><\/div><div class=\"wdform-element-section wd-flex  wd-flex-row wd-align-items-center wd-width-70\" style=\"max-width: 200px;\"><input type=\"text\"                           class=\"wd-width-100\"                           id=\"wdform_2_element9\"                           name=\"wdform_2_element9\"                           value=\"\"                           title=\"\"                           placeholder=\"\"                                                       \/><\/div><\/div><\/div><\/div><div class=\"wdform_column\"><div wdid=\"16\" class=\"wdform_row\"><div type=\"type_text\" class=\"wdform-field wd-width-100 wd-flex wd-flex-row\"><div class=\"wdform-label-section wd-width-30 undefined wd-flex-row wd-align-items-center\" style=\"max-width: 200px;\">    <label  for=\"wdform_16_element9\" class=\"wdform-label\">Soci\u00e9t\u00e9:<\/label><\/div><div class=\"wdform-element-section wd-flex undefined wd-flex-row wd-align-items-center wd-width-70\" style=\"max-width: 200px;\"><input type=\"text\"                           class=\"wd-width-100\"                           id=\"wdform_16_element9\"                           name=\"wdform_16_element9\"                           value=\"\"                           title=\"\"                           placeholder=\"\"                                                       \/><\/div><\/div><\/div><\/div><div class=\"wdform_column\"><div class=\"wdform_row\" wdid=\"3\"><div type=\"type_text\" class=\"wdform-field wd-width-100 wd-flex wd-flex-row\"><div class=\"wdform-label-section wd-width-30  wd-flex-row wd-align-items-center\" style=\"max-width: 200px;\">    <label  for=\"wdform_3_element9\" class=\"wdform-label\">Adresse:<\/label><span class=\"wdform-required\">*<\/span><\/div><div class=\"wdform-element-section wd-flex  wd-flex-row wd-align-items-center wd-width-70\" style=\"max-width: 200px;\"><input type=\"text\"                           class=\"wd-width-100\"                           id=\"wdform_3_element9\"                           name=\"wdform_3_element9\"                           value=\"\"                           title=\"\"                           placeholder=\"\"                                                       \/><\/div><\/div><\/div><\/div><div class=\"wdform_column\"><div class=\"wdform_row\" wdid=\"4\"><div type=\"type_text\" class=\"wdform-field wd-width-100 wd-flex wd-flex-row\"><div class=\"wdform-label-section wd-width-30  wd-flex-row wd-align-items-center\" style=\"max-width: 200px;\">    <label  for=\"wdform_4_element9\" class=\"wdform-label\">NPA:<\/label><span class=\"wdform-required\">*<\/span><\/div><div class=\"wdform-element-section wd-flex  wd-flex-row wd-align-items-center wd-width-70\" style=\"max-width: 200px;\"><input type=\"text\"                           class=\"wd-width-100\"                           id=\"wdform_4_element9\"                           name=\"wdform_4_element9\"                           value=\"\"                           title=\"\"                           placeholder=\"\"                                                       \/><\/div><\/div><\/div><\/div><div class=\"wdform_column\"><div class=\"wdform_row\" wdid=\"5\"><div type=\"type_text\" class=\"wdform-field wd-width-100 wd-flex wd-flex-row\"><div class=\"wdform-label-section wd-width-30  wd-flex-row wd-align-items-center\" style=\"max-width: 200px;\">    <label  for=\"wdform_5_element9\" class=\"wdform-label\">Localit\u00e9:<\/label><span class=\"wdform-required\">*<\/span><\/div><div class=\"wdform-element-section wd-flex  wd-flex-row wd-align-items-center wd-width-70\" style=\"max-width: 200px;\"><input type=\"text\"                           class=\"wd-width-100\"                           id=\"wdform_5_element9\"                           name=\"wdform_5_element9\"                           value=\"\"                           title=\"\"                           placeholder=\"\"                                                       \/><\/div><\/div><\/div><\/div><div class=\"wdform_column\"><div class=\"wdform_row\" wdid=\"13\" style=\"position: relative; left: 0px; top: 0px;\"><div type=\"type_submitter_mail\" class=\"wdform-field wd-width-100 wd-flex wd-flex-row\"><div class=\"wdform-label-section wd-width-30  wd-flex-row\" style=\"max-width: 200px;\">    <label  for=\"wdform_13_element9\" class=\"wdform-label\">E-mail:<\/label><span class=\"wdform-required\">*<\/span><\/div><div class=\"wdform-element-section wd-flex  wd-flex-row wd-width-70\" style=\"max-width: 200px;\"><input type=\"text\" class=\"wd-width-100\" id=\"wdform_13_element9\" name=\"wdform_13_element9\" value=\"\" title=\"\" placeholder=\"\"   onchange=\"wd_check_email('13', '9', 'Dies ist keine g\u00fcltige E-Mail-Adresse.')\" \/><\/div><\/div><\/div><\/div><div class=\"wdform_column\"><div class=\"wdform_row\" wdid=\"8\" style=\"position: relative; left: 0px; top: 0px;\"><div type=\"type_text\" class=\"wdform-field wd-width-100 wd-flex wd-flex-row\"><div class=\"wdform-label-section wd-width-30  wd-flex-row wd-align-items-center\" style=\"max-width: 200px;\">    <label  for=\"wdform_8_element9\" class=\"wdform-label\">Num\u00e9ro de t\u00e9l\u00e9phone:<\/label><span class=\"wdform-required\">*<\/span><\/div><div class=\"wdform-element-section wd-flex  wd-flex-row wd-align-items-center wd-width-70\" style=\"max-width: 200px;\"><input type=\"text\"                           class=\"wd-width-100\"                           id=\"wdform_8_element9\"                           name=\"wdform_8_element9\"                           value=\"\"                           title=\"\"                           placeholder=\"\"                                                       \/><\/div><\/div><\/div><\/div><div class=\"wdform_column\"><div class=\"wdform_row\" wdid=\"11\" style=\"position: relative; left: 0px; top: 0px;\"><div type=\"type_textarea\" class=\"wdform-field wd-width-100 wd-flex wd-flex-row\"><div class=\"wdform-label-section wd-width-30 \" style=\"max-width: 200px;\">    <label  for=\"wdform_11_element9\" class=\"wdform-label\">Message:<\/label><span class=\"wdform-required\">*<\/span><\/div><div class=\"wdform-element-section wd-flex  wd-width-70\" style=\"max-width: 200px;\"><textarea class=\"wd-width-100\"                      id=\"wdform_11_element9\"                      name=\"wdform_11_element9\"                      placeholder=\"\"                      style=\"height: 100px;\"                      ><\/textarea><\/div><\/div><\/div><\/div><div class=\"wdform_column\"><div class=\"wdform_row\" wdid=\"14\"><div type=\"type_submit_reset\" class=\"wdform-field wd-width-100 wd-flex wd-flex-column\"><div class=\"wdform-element-section wd-flex  wd-flex-row wd-justify-content-left wd-width-100\" ><button  type=\"button\" class=\"button-submit\" onclick=\"fm_submit_form('9');\"  data-ajax=\"0\"><span class=\"fm-submit-loading spinner fm-ico-spinner\"><\/span>Envoyer<\/button><button  type=\"button\" class=\"button-reset wd-hidden\" onclick=\"fm_reset_form(9);\" >L\u00f6schen<\/button><\/div><\/div><\/div><\/div><\/div><div class=\"wdform_footer\" style=\"width: 100%;\" valign=\"top\"><div style=\"width: 100%;\"><div style=\"width: 100%; padding-top: 10px; display: table;\"><div style=\"display: table-row-group;\"><div id=\"9page_nav1\" style=\"display: table-row;\"><\/div><\/div><\/div><\/div><\/div><\/div><\/div><div class=\"wdform_preload\"><\/div><\/form><\/div>\n<\/div>\n<\/div><\/div><\/div><div id=\"pgc-3483-0-1\"  class=\"panel-grid-cell\" ><div id=\"panel-3483-0-1-0\" class=\"so-panel widget widget_media_image panel-first-child panel-last-child\" data-index=\"2\" ><img loading=\"lazy\" decoding=\"async\" width=\"300\" height=\"300\" src=\"https:\/\/www.2radschweiz.ch\/fr\/wp-content\/uploads\/2rad-werkstattzertifizierung-logo_frz-300x300.jpg\" class=\"image wp-image-3486  attachment-medium size-medium\" alt=\"\" style=\"max-width: 100%; height: auto;\" srcset=\"https:\/\/www.2radschweiz.ch\/fr\/wp-content\/uploads\/2rad-werkstattzertifizierung-logo_frz-300x300.jpg 300w, https:\/\/www.2radschweiz.ch\/fr\/wp-content\/uploads\/2rad-werkstattzertifizierung-logo_frz-1024x1024.jpg 1024w, https:\/\/www.2radschweiz.ch\/fr\/wp-content\/uploads\/2rad-werkstattzertifizierung-logo_frz-150x150.jpg 150w, https:\/\/www.2radschweiz.ch\/fr\/wp-content\/uploads\/2rad-werkstattzertifizierung-logo_frz-768x768.jpg 768w, https:\/\/www.2radschweiz.ch\/fr\/wp-content\/uploads\/2rad-werkstattzertifizierung-logo_frz-1536x1536.jpg 1536w, https:\/\/www.2radschweiz.ch\/fr\/wp-content\/uploads\/2rad-werkstattzertifizierung-logo_frz-2048x2048.jpg 2048w\" sizes=\"auto, (max-width: 300px) 100vw, 300px\" \/><\/div><\/div><\/div><\/div><\/div>","protected":false},"excerpt":{"rendered":"<p>Au cours de la formation \u00abCertification d\u2019atelier\u00bb, vous apprenez tout ce qu\u2019il faut savoir sur un atelier parfaitement am\u00e9nag\u00e9 et sur le lieu de travail id\u00e9al, de la r\u00e9ception \u00e0 la restitution du v\u00e9hicule. La proc\u00e9dure de certification de votre <a class=\"more-link\" href=\"https:\/\/www.2radschweiz.ch\/fr\/certification-ateliers-velo\/\">weiterlesen&#8230;<\/a><\/p>\n","protected":false},"author":4,"featured_media":0,"parent":0,"menu_order":22,"comment_status":"closed","ping_status":"closed","template":"","meta":{"footnotes":""},"class_list":["post-3483","page","type-page","status-publish","hentry"],"_links":{"self":[{"href":"https:\/\/www.2radschweiz.ch\/fr\/wp-json\/wp\/v2\/pages\/3483","targetHints":{"allow":["GET"]}}],"collection":[{"href":"https:\/\/www.2radschweiz.ch\/fr\/wp-json\/wp\/v2\/pages"}],"about":[{"href":"https:\/\/www.2radschweiz.ch\/fr\/wp-json\/wp\/v2\/types\/page"}],"author":[{"embeddable":true,"href":"https:\/\/www.2radschweiz.ch\/fr\/wp-json\/wp\/v2\/users\/4"}],"replies":[{"embeddable":true,"href":"https:\/\/www.2radschweiz.ch\/fr\/wp-json\/wp\/v2\/comments?post=3483"}],"version-history":[{"count":5,"href":"https:\/\/www.2radschweiz.ch\/fr\/wp-json\/wp\/v2\/pages\/3483\/revisions"}],"predecessor-version":[{"id":3496,"href":"https:\/\/www.2radschweiz.ch\/fr\/wp-json\/wp\/v2\/pages\/3483\/revisions\/3496"}],"wp:attachment":[{"href":"https:\/\/www.2radschweiz.ch\/fr\/wp-json\/wp\/v2\/media?parent=3483"}],"curies":[{"name":"wp","href":"https:\/\/api.w.org\/{rel}","templated":true}]}}