{"id":3454,"date":"2026-02-03T08:44:23","date_gmt":"2026-02-03T07:44:23","guid":{"rendered":"https:\/\/www.2radschweiz.ch\/fr\/?page_id=3454"},"modified":"2026-02-26T12:11:01","modified_gmt":"2026-02-26T11:11:01","slug":"coffret-de-stage","status":"publish","type":"page","link":"https:\/\/www.2radschweiz.ch\/fr\/coffret-de-stage\/","title":{"rendered":"Coffret de stage"},"content":{"rendered":"<div id=\"pl-3454\"  class=\"panel-layout\" ><div id=\"pg-3454-0\"  class=\"panel-grid panel-no-style\" ><div id=\"pgc-3454-0-0\"  class=\"panel-grid-cell\" ><div id=\"panel-3454-0-0-0\" class=\"so-panel widget widget_sow-editor panel-first-child panel-last-child\" data-index=\"0\" ><div\n\t\t\t\n\t\t\tclass=\"so-widget-sow-editor so-widget-sow-editor-base\"\n\t\t\t\n\t\t>\n<div class=\"siteorigin-widget-tinymce textwidget\">\n\t<p>Design flambant neuf, contenu limpide et nouveaut\u00e9s sur la formation AFP: la nouvelle mouture du coffret de stage donne un aper\u00e7u actuel et ax\u00e9 sur la pratique des fili\u00e8res de formation dans la branche des deux-roues.<\/p>\n<p>&nbsp;<\/p>\n<\/div>\n<\/div><\/div><\/div><\/div><div id=\"pg-3454-1\"  class=\"panel-grid panel-has-style\" ><div class=\"panel-row-style panel-row-style-for-3454-1\" ><div id=\"pgc-3454-1-0\"  class=\"panel-grid-cell\" ><div id=\"panel-3454-1-0-0\" class=\"so-panel widget widget_media_image panel-first-child panel-last-child\" data-index=\"1\" ><img loading=\"lazy\" decoding=\"async\" width=\"291\" height=\"300\" src=\"https:\/\/www.2radschweiz.ch\/fr\/wp-content\/uploads\/box-fr-mm-291x300.webp\" class=\"image wp-image-3466  attachment-medium size-medium\" alt=\"\" style=\"max-width: 100%; height: auto;\" srcset=\"https:\/\/www.2radschweiz.ch\/fr\/wp-content\/uploads\/box-fr-mm-291x300.webp 291w, https:\/\/www.2radschweiz.ch\/fr\/wp-content\/uploads\/box-fr-mm-992x1024.webp 992w, https:\/\/www.2radschweiz.ch\/fr\/wp-content\/uploads\/box-fr-mm-768x793.webp 768w, https:\/\/www.2radschweiz.ch\/fr\/wp-content\/uploads\/box-fr-mm.webp 1000w\" sizes=\"auto, (max-width: 291px) 100vw, 291px\" \/><\/div><\/div><div id=\"pgc-3454-1-1\"  class=\"panel-grid-cell\" ><div id=\"panel-3454-1-1-0\" class=\"so-panel widget widget_sow-editor panel-first-child panel-last-child\" data-index=\"2\" ><div\n\t\t\t\n\t\t\tclass=\"so-widget-sow-editor so-widget-sow-editor-base\"\n\t\t\t\n\t\t>\n<div class=\"siteorigin-widget-tinymce textwidget\">\n\t<p>Remani\u00e9 tant sur la forme que sur le fond, le coffret de stage donne un aper\u00e7u clair et r\u00e9aliste des offres de formation. B\u00e9n\u00e9ficiant d\u2019une palette de couleurs modernes, d\u2019une meilleure lisibilit\u00e9 et d\u2019un langage visuel uniforme, la nouvelle mise en page des brochures garantit une meilleure orientation. Les profils de profession sont pr\u00e9sent\u00e9s de mani\u00e8re concise et compr\u00e9hensible et d\u00e9peignent avec authenticit\u00e9 le quotidien professionnel.<\/p>\n<p>\u00c9toff\u00e9, le contenu du coffret de stage contient d\u00e9sormais des informations sur la formation professionnelle initiale de deux ans (AFP).\u00a0Il aide les entreprises membres \u00e0 pr\u00e9parer et \u00e0 organiser des stages, facilite les discussions entre les jeunes et leurs parents et encourage un choix de carri\u00e8re r\u00e9aliste.<\/p>\n<\/div>\n<\/div><\/div><\/div><\/div><\/div><div id=\"pg-3454-2\"  class=\"panel-grid panel-no-style\" ><div id=\"pgc-3454-2-0\"  class=\"panel-grid-cell\" ><div id=\"panel-3454-2-0-0\" class=\"so-panel widget widget_sow-editor panel-first-child panel-last-child\" data-index=\"3\" ><div\n\t\t\t\n\t\t\tclass=\"so-widget-sow-editor so-widget-sow-editor-base\"\n\t\t\t\n\t\t><h3 class=\"widget-title\">Le contenu en d\u00e9tail<\/h3>\n<div class=\"siteorigin-widget-tinymce textwidget\">\n\t<p>Le coffret de stage regroupe l\u2019ensemble des documents et supports essentiels \u00e0 la r\u00e9alisation d\u2019un stage coh\u00e9rent et concluant.<\/p>\n<p><strong>Brochure \u00abVis de ta passion\u00bb<\/strong><br \/>\nd\u00e9crivant les m\u00e9tiers en apprentissage \u00abM\u00e9canicien\/ne en motocycles CFC\u00bb, \u00abM\u00e9canicien\/ne en cycles CFC\u00bb et \u00abAssistant\/e en maintenance des deux-roues AFP\u00bb.<\/p>\n<p><strong>Brochure \u00abStage de d\u00e9couverte\u00bb<\/strong><br \/>\nd\u00e9clin\u00e9e en diff\u00e9rentes versions: m\u00e9canicien\/ne en cycles CFC et Assistant\/e en maintenance des deux-roues AFP ou M\u00e9canicien\/ne en motocycles CFC et Assistant\/e en maintenance des deux-roues AFP. Les brochures comprennent un programme de <strong>deux journ\u00e9es d\u00e9couverte<\/strong> avec des instructions ainsi que des t\u00e2ches et exercices pratiques.<\/p>\n<p><strong>\u00abCarnet de stage\u00bb<br \/>\n<\/strong>dans lequel noter les t\u00e2ches accomplies, ses observations et ses impressions. \u00c0 cela s\u2019ajoute une <strong>fiche d\u2019\u00e9valuation<\/strong> pouvant servir de base \u00e0 l\u2019entretien final.<\/p>\n<p><strong>Solutions aux op\u00e9rations de calcul<br \/>\n<\/strong>visibles dans l\u2019espace membre des entreprises, sur le site Internet.<\/p>\n<p><strong>5 crayons \u00e0 papier<\/strong><\/p>\n<p>Avec ce nouveau coffret de stage, les entreprises membres disposent d\u00e9sormais d\u2019un outil moderne, instructif et ax\u00e9 sur la pratique qui accompagne la rel\u00e8ve dans son orientation professionnelle et contribue grandement \u00e0 sa promotion.<\/p>\n<\/div>\n<\/div><\/div><\/div><\/div><div id=\"pg-3454-3\"  class=\"panel-grid panel-no-style\" ><div id=\"pgc-3454-3-0\"  class=\"panel-grid-cell panel-grid-cell-mobile-last\" ><div id=\"panel-3454-3-0-0\" class=\"so-panel widget widget_sow-editor panel-first-child panel-last-child\" data-index=\"4\" ><div\n\t\t\t\n\t\t\tclass=\"so-widget-sow-editor so-widget-sow-editor-base\"\n\t\t\t\n\t\t><h3 class=\"widget-title\">Passez commande<\/h3>\n<div class=\"siteorigin-widget-tinymce textwidget\">\n\t<p>Un coffret de stage\u00a0contient le <strong>mat\u00e9riel pour cinq stages<\/strong>.<\/p>\n<div style=\"display:none\" class=\"fm-form-container fm-theme1\"><div id=\"fm-pages8\" class=\"fm-pages wdform_page_navigation \" show_title=\"false\" show_numbers=\"true\" type=\"none\"><\/div><form name=\"form8\" action=\"\/fr\/wp-json\/wp\/v2\/pages\/3454\" method=\"post\" id=\"form8\" class=\"fm-form form8  \" enctype=\"multipart\/form-data\"><input type=\"hidden\" id=\"counter8\" value=\"19\" name=\"counter8\" \/><input type=\"hidden\" id=\"Itemid8\" value=\"\" name=\"Itemid8\" \/><input type=\"hidden\" id=\"fm_shake8\" value=\"1\" name=\"fm_shake8\" \/><input type=\"text\" class=\"fm-hide\" id=\"fm_empty_field_validation8\" value=\"\" name=\"fm_empty_field_validation8\" data-value=\"bd736efb144d599cf463541431fbf5c4\" \/><div class=\"wdform-page-and-images fm-form-builder\" style=\"border-top-color: black; border-top-width: 0px; border-top-style: solid; display: table;\"><div class=\"wdform_page\" id=\"8form_view1\" previous_checkable=\"false\" previous_class=\"wdform-page-button\" previous_type=\"text\" previous_title=\"Previous\" next_checkable=\"false\" next_class=\"wdform-page-button\" next_type=\"text\" next_title=\"Next\" page_title=\"Untitled page\"><div class=\"wdform_section fm-col-1\"><div class=\"wdform_column\"><div wdid=\"17\" class=\"wdform_row\" style=\"position: relative; left: 0px; top: 0px;\"><div type=\"type_spinner\" class=\"wdform-field wd-width-100 wd-flex wd-flex-row\"><div class=\"wdform-label-section wd-width-30  wd-flex-row\">    <label  for=\"wdform_17_element8\" class=\"wdform-label\">Nombre de coffrets:<\/label><\/div><div class=\"wdform-element-section wd-flex  wd-flex-row wd-width-70\" ><input                            name=\"wdform_17_element8\"                            id=\"wdform_17_element8\"                            class=\"wd-type-number\"                            onkeyup=\"wd_validate(this)\"                            data-valid-type=\"number\"                            data-form-id=\"8\"                            data-wdid=\"17\"                            style=\"width: 60px;\"                            value=\"1\"                             \/><\/div><\/div><\/div><\/div><div class=\"wdform_column\"><div wdid=\"15\" class=\"wdform_row\" style=\"position: relative; left: 0px; top: 0px;\"><div type=\"type_own_select\" class=\"wdform-field wd-width-100 wd-flex wd-flex-row\"><div class=\"wdform-label-section wd-width-30 wdform_select wd-flex-row\" style=\"max-width: 200px;\">    <label  for=\"wdform_15_element8\" class=\"wdform-label\">Coffrets de stage:<\/label><\/div><div class=\"wdform-element-section wd-flex wdform_select wd-flex-row wd-width-70\" style=\"max-width: 200px;\"><select class=\"wd-width-100\" id=\"wdform_15_element8\" name=\"wdform_15_element8\" ><option value=\"Choisissez:\" selected=\"selected\">Choisissez:<\/option><option value=\"m\u00e9canicien\/ne en cycles CFC \/ Assistant\/e en maintenance des deux-roues AFP \" >m\u00e9canicien\/ne en cycles CFC \/ Assistant\/e en maintenance des deux-roues AFP <\/option><option value=\"m\u00e9canicien\/ne en motocycles CFC \/ Assistant\/e en maintenance des deux-roues AFP \" >m\u00e9canicien\/ne en motocycles CFC \/ Assistant\/e en maintenance des deux-roues AFP <\/option><\/select><\/div><\/div><\/div><\/div><div class=\"wdform_column\"><div wdid=\"18\" class=\"wdform_row\"><div type=\"type_radio\" class=\"wdform-field wd-width-100 wd-flex wd-flex-row\"><div class=\"wdform-label-section wd-width-30  wd-flex-wrap wd-flex-column\">    <label  class=\"wdform-label\">Langue:<\/label><span class=\"wdform-required\">*<\/span><\/div><div class=\"wdform-element-section wd-flex  wd-flex-wrap wd-flex-column wd-width-70\" ><div class=\"wd-flex wd-flex-column\"><input type=\"hidden\" name=\"wdform_18_element8\" value=\"\" \/><div class=\"radio-div wd-choice wd-flex wd-flex-row\"><input type=\"radio\"  id=\"wdform_18_element80\" name=\"wdform_18_element8\" value=\"Fran\u00e7ais\" onclick=\"set_default(&quot;wdform_18&quot;,&quot;0&quot;,&quot;8&quot;); \" checked=\"checked\"  \/><label class=\"wd-align-items-center wd-flex wd-flex-row\" for=\"wdform_18_element80\"><span><\/span>Fran\u00e7ais<\/label><\/div><div class=\"radio-div wd-choice wd-flex wd-flex-row\"><input type=\"radio\"  id=\"wdform_18_element81\" name=\"wdform_18_element8\" value=\"Allemand\" onclick=\"set_default(&quot;wdform_18&quot;,&quot;1&quot;,&quot;8&quot;); \"   \/><label class=\"wd-align-items-center wd-flex wd-flex-row\" for=\"wdform_18_element81\"><span><\/span>Allemand<\/label><\/div><\/div><\/div><\/div><\/div><\/div><div class=\"wdform_column\"><div class=\"wdform_row\" wdid=\"1\" style=\"position: relative; left: 0px; top: 0px;\"><div type=\"type_text\" class=\"wdform-field wd-width-100 wd-flex wd-flex-row\"><div class=\"wdform-label-section wd-width-30  wd-flex-row wd-align-items-center\" style=\"max-width: 200px;\">    <label  for=\"wdform_1_element8\" class=\"wdform-label\">Nom:<\/label><span class=\"wdform-required\">*<\/span><\/div><div class=\"wdform-element-section wd-flex  wd-flex-row wd-align-items-center wd-width-70\" style=\"max-width: 200px;\"><input type=\"text\"                           class=\"wd-width-100\"                           id=\"wdform_1_element8\"                           name=\"wdform_1_element8\"                           value=\"\"                           title=\"\"                           placeholder=\"\"                                                       \/><\/div><\/div><\/div><\/div><div class=\"wdform_column\"><div class=\"wdform_row\" wdid=\"2\"><div type=\"type_text\" class=\"wdform-field wd-width-100 wd-flex wd-flex-row\"><div class=\"wdform-label-section wd-width-30  wd-flex-row wd-align-items-center\" style=\"max-width: 200px;\">    <label  for=\"wdform_2_element8\" class=\"wdform-label\">Pr\u00e9nom:<\/label><span class=\"wdform-required\">*<\/span><\/div><div class=\"wdform-element-section wd-flex  wd-flex-row wd-align-items-center wd-width-70\" style=\"max-width: 200px;\"><input type=\"text\"                           class=\"wd-width-100\"                           id=\"wdform_2_element8\"                           name=\"wdform_2_element8\"                           value=\"\"                           title=\"\"                           placeholder=\"\"                                                       \/><\/div><\/div><\/div><\/div><div class=\"wdform_column\"><div wdid=\"16\" class=\"wdform_row\"><div type=\"type_text\" class=\"wdform-field wd-width-100 wd-flex wd-flex-row\"><div class=\"wdform-label-section wd-width-30 undefined wd-flex-row wd-align-items-center\" style=\"max-width: 200px;\">    <label  for=\"wdform_16_element8\" class=\"wdform-label\">Soci\u00e9t\u00e9:<\/label><\/div><div class=\"wdform-element-section wd-flex undefined wd-flex-row wd-align-items-center wd-width-70\" style=\"max-width: 200px;\"><input type=\"text\"                           class=\"wd-width-100\"                           id=\"wdform_16_element8\"                           name=\"wdform_16_element8\"                           value=\"\"                           title=\"\"                           placeholder=\"\"                                                       \/><\/div><\/div><\/div><\/div><div class=\"wdform_column\"><div class=\"wdform_row\" wdid=\"3\"><div type=\"type_text\" class=\"wdform-field wd-width-100 wd-flex wd-flex-row\"><div class=\"wdform-label-section wd-width-30  wd-flex-row wd-align-items-center\" style=\"max-width: 200px;\">    <label  for=\"wdform_3_element8\" class=\"wdform-label\">Adresse:<\/label><span class=\"wdform-required\">*<\/span><\/div><div class=\"wdform-element-section wd-flex  wd-flex-row wd-align-items-center wd-width-70\" style=\"max-width: 200px;\"><input type=\"text\"                           class=\"wd-width-100\"                           id=\"wdform_3_element8\"                           name=\"wdform_3_element8\"                           value=\"\"                           title=\"\"                           placeholder=\"\"                                                       \/><\/div><\/div><\/div><\/div><div class=\"wdform_column\"><div class=\"wdform_row\" wdid=\"4\"><div type=\"type_text\" class=\"wdform-field wd-width-100 wd-flex wd-flex-row\"><div class=\"wdform-label-section wd-width-30  wd-flex-row wd-align-items-center\" style=\"max-width: 200px;\">    <label  for=\"wdform_4_element8\" class=\"wdform-label\">NPA:<\/label><span class=\"wdform-required\">*<\/span><\/div><div class=\"wdform-element-section wd-flex  wd-flex-row wd-align-items-center wd-width-70\" style=\"max-width: 200px;\"><input type=\"text\"                           class=\"wd-width-100\"                           id=\"wdform_4_element8\"                           name=\"wdform_4_element8\"                           value=\"\"                           title=\"\"                           placeholder=\"\"                                                       \/><\/div><\/div><\/div><\/div><div class=\"wdform_column\"><div class=\"wdform_row\" wdid=\"5\"><div type=\"type_text\" class=\"wdform-field wd-width-100 wd-flex wd-flex-row\"><div class=\"wdform-label-section wd-width-30  wd-flex-row wd-align-items-center\" style=\"max-width: 200px;\">    <label  for=\"wdform_5_element8\" class=\"wdform-label\">Localit\u00e9:<\/label><span class=\"wdform-required\">*<\/span><\/div><div class=\"wdform-element-section wd-flex  wd-flex-row wd-align-items-center wd-width-70\" style=\"max-width: 200px;\"><input type=\"text\"                           class=\"wd-width-100\"                           id=\"wdform_5_element8\"                           name=\"wdform_5_element8\"                           value=\"\"                           title=\"\"                           placeholder=\"\"                                                       \/><\/div><\/div><\/div><\/div><div class=\"wdform_column\"><div class=\"wdform_row\" wdid=\"13\" style=\"position: relative; left: 0px; top: 0px;\"><div type=\"type_submitter_mail\" class=\"wdform-field wd-width-100 wd-flex wd-flex-row\"><div class=\"wdform-label-section wd-width-30  wd-flex-row\" style=\"max-width: 200px;\">    <label  for=\"wdform_13_element8\" class=\"wdform-label\">E-mail:<\/label><span class=\"wdform-required\">*<\/span><\/div><div class=\"wdform-element-section wd-flex  wd-flex-row wd-width-70\" style=\"max-width: 200px;\"><input type=\"text\" class=\"wd-width-100\" id=\"wdform_13_element8\" name=\"wdform_13_element8\" value=\"\" title=\"\" placeholder=\"\"   onchange=\"wd_check_email('13', '8', 'Dies ist keine g\u00fcltige E-Mail-Adresse.')\" \/><\/div><\/div><\/div><\/div><div class=\"wdform_column\"><div class=\"wdform_row\" wdid=\"8\" style=\"position: relative; left: 0px; top: 0px;\"><div type=\"type_text\" class=\"wdform-field wd-width-100 wd-flex wd-flex-row\"><div class=\"wdform-label-section wd-width-30  wd-flex-row wd-align-items-center\" style=\"max-width: 200px;\">    <label  for=\"wdform_8_element8\" class=\"wdform-label\">Num\u00e9ro de t\u00e9l\u00e9phone:<\/label><span class=\"wdform-required\">*<\/span><\/div><div class=\"wdform-element-section wd-flex  wd-flex-row wd-align-items-center wd-width-70\" style=\"max-width: 200px;\"><input type=\"text\"                           class=\"wd-width-100\"                           id=\"wdform_8_element8\"                           name=\"wdform_8_element8\"                           value=\"\"                           title=\"\"                           placeholder=\"\"                                                       \/><\/div><\/div><\/div><\/div><div class=\"wdform_column\"><div class=\"wdform_row\" wdid=\"11\" style=\"position: relative; left: 0px; top: 0px;\"><div type=\"type_textarea\" class=\"wdform-field wd-width-100 wd-flex wd-flex-row\"><div class=\"wdform-label-section wd-width-30 \" style=\"max-width: 200px;\">    <label  for=\"wdform_11_element8\" class=\"wdform-label\">Message:<\/label><span class=\"wdform-required\">*<\/span><\/div><div class=\"wdform-element-section wd-flex  wd-width-70\" style=\"max-width: 200px;\"><textarea class=\"wd-width-100\"                      id=\"wdform_11_element8\"                      name=\"wdform_11_element8\"                      placeholder=\"\"                      style=\"height: 100px;\"                      ><\/textarea><\/div><\/div><\/div><\/div><div class=\"wdform_column\"><div class=\"wdform_row\" wdid=\"14\"><div type=\"type_submit_reset\" class=\"wdform-field wd-width-100 wd-flex wd-flex-column\"><div class=\"wdform-element-section wd-flex  wd-flex-row wd-justify-content-left wd-width-100\" ><button  type=\"button\" class=\"button-submit\" onclick=\"fm_submit_form('8');\"  data-ajax=\"0\"><span class=\"fm-submit-loading spinner fm-ico-spinner\"><\/span>Envoyer<\/button><button  type=\"button\" class=\"button-reset wd-hidden\" onclick=\"fm_reset_form(8);\" >L\u00f6schen<\/button><\/div><\/div><\/div><\/div><\/div><div class=\"wdform_footer\" style=\"width: 100%;\" valign=\"top\"><div style=\"width: 100%;\"><div style=\"width: 100%; padding-top: 10px; display: table;\"><div style=\"display: table-row-group;\"><div id=\"8page_nav1\" style=\"display: table-row;\"><\/div><\/div><\/div><\/div><\/div><\/div><\/div><div class=\"wdform_preload\"><\/div><\/form><\/div>\n<\/div>\n<\/div><\/div><\/div><div id=\"pgc-3454-3-1\"  class=\"panel-grid-cell panel-grid-cell-empty\" ><\/div><\/div><\/div>","protected":false},"excerpt":{"rendered":"<p>Design flambant neuf, contenu limpide et nouveaut\u00e9s sur la formation AFP: la nouvelle mouture du coffret de stage donne un aper\u00e7u actuel et ax\u00e9 sur la pratique des fili\u00e8res de formation dans la branche des deux-roues. &nbsp; Remani\u00e9 tant sur <a class=\"more-link\" href=\"https:\/\/www.2radschweiz.ch\/fr\/coffret-de-stage\/\">weiterlesen&#8230;<\/a><\/p>\n","protected":false},"author":4,"featured_media":0,"parent":0,"menu_order":22,"comment_status":"closed","ping_status":"closed","template":"","meta":{"footnotes":""},"class_list":["post-3454","page","type-page","status-publish","hentry"],"_links":{"self":[{"href":"https:\/\/www.2radschweiz.ch\/fr\/wp-json\/wp\/v2\/pages\/3454","targetHints":{"allow":["GET"]}}],"collection":[{"href":"https:\/\/www.2radschweiz.ch\/fr\/wp-json\/wp\/v2\/pages"}],"about":[{"href":"https:\/\/www.2radschweiz.ch\/fr\/wp-json\/wp\/v2\/types\/page"}],"author":[{"embeddable":true,"href":"https:\/\/www.2radschweiz.ch\/fr\/wp-json\/wp\/v2\/users\/4"}],"replies":[{"embeddable":true,"href":"https:\/\/www.2radschweiz.ch\/fr\/wp-json\/wp\/v2\/comments?post=3454"}],"version-history":[{"count":4,"href":"https:\/\/www.2radschweiz.ch\/fr\/wp-json\/wp\/v2\/pages\/3454\/revisions"}],"predecessor-version":[{"id":3480,"href":"https:\/\/www.2radschweiz.ch\/fr\/wp-json\/wp\/v2\/pages\/3454\/revisions\/3480"}],"wp:attachment":[{"href":"https:\/\/www.2radschweiz.ch\/fr\/wp-json\/wp\/v2\/media?parent=3454"}],"curies":[{"name":"wp","href":"https:\/\/api.w.org\/{rel}","templated":true}]}}