{"id":3413,"date":"2025-10-29T15:03:27","date_gmt":"2025-10-29T14:03:27","guid":{"rendered":"https:\/\/www.2radschweiz.ch\/fr\/?page_id=3413"},"modified":"2025-10-29T15:03:27","modified_gmt":"2025-10-29T14:03:27","slug":"photographie-professionnelle","status":"publish","type":"page","link":"https:\/\/www.2radschweiz.ch\/fr\/photographie-professionnelle\/","title":{"rendered":"Photographie professionnelle"},"content":{"rendered":"<div id=\"pl-3413\"  class=\"panel-layout\" ><div id=\"pg-3413-0\"  class=\"panel-grid panel-no-style\" ><div id=\"pgc-3413-0-0\"  class=\"panel-grid-cell\" ><div id=\"panel-3413-0-0-0\" class=\"so-panel widget widget_sow-editor panel-first-child panel-last-child\" data-index=\"0\" ><div\n\t\t\t\n\t\t\tclass=\"so-widget-sow-editor so-widget-sow-editor-base\"\n\t\t\t\n\t\t><h3 class=\"widget-title\">La premi\u00e8re impression compte, m\u00eame dans une annonce !<\/h3>\n<div class=\"siteorigin-widget-tinymce textwidget\">\n\t<p><strong>De belles photos ne servent pas qu\u2019\u00e0 illustrer et jouent un r\u00f4le d\u00e9terminant dans la r\u00e9ussite commerciale. Des clich\u00e9s de qualit\u00e9 augmentent la probabilit\u00e9 d\u2019une vente, tandis que des clich\u00e9s m\u00e9diocres la diminuent. Ce n\u2019est qu\u2019avec une strat\u00e9gie claire qu\u2019il sera possible de g\u00e9n\u00e9rer des profits.<\/strong><\/p>\n<p>&nbsp;<\/p>\n<p>&nbsp;<\/p>\n<\/div>\n<\/div><\/div><\/div><\/div><div id=\"pg-3413-1\"  class=\"panel-grid panel-has-style\" ><div class=\"panel-row-style panel-row-style-for-3413-1\" ><div id=\"pgc-3413-1-0\"  class=\"panel-grid-cell\" ><div id=\"panel-3413-1-0-0\" class=\"so-panel widget widget_media_image panel-first-child\" data-index=\"1\" ><img loading=\"lazy\" decoding=\"async\" width=\"300\" height=\"225\" src=\"https:\/\/www.2radschweiz.ch\/fr\/wp-content\/uploads\/motorrad-bild-daumen-hoch-300x225.png\" class=\"image wp-image-3415  attachment-medium size-medium\" alt=\"\" style=\"max-width: 100%; height: auto;\" srcset=\"https:\/\/www.2radschweiz.ch\/fr\/wp-content\/uploads\/motorrad-bild-daumen-hoch-300x225.png 300w, https:\/\/www.2radschweiz.ch\/fr\/wp-content\/uploads\/motorrad-bild-daumen-hoch-1024x768.png 1024w, https:\/\/www.2radschweiz.ch\/fr\/wp-content\/uploads\/motorrad-bild-daumen-hoch-768x576.png 768w, https:\/\/www.2radschweiz.ch\/fr\/wp-content\/uploads\/motorrad-bild-daumen-hoch-1536x1152.png 1536w, https:\/\/www.2radschweiz.ch\/fr\/wp-content\/uploads\/motorrad-bild-daumen-hoch.png 1701w\" sizes=\"auto, (max-width: 300px) 100vw, 300px\" \/><\/div><div id=\"panel-3413-1-0-1\" class=\"so-panel widget widget_media_image panel-last-child\" data-index=\"2\" ><img loading=\"lazy\" decoding=\"async\" width=\"300\" height=\"225\" src=\"https:\/\/www.2radschweiz.ch\/fr\/wp-content\/uploads\/motorrad-bild-daumen-runter-breit-300x225.png\" class=\"image wp-image-3416  attachment-medium size-medium\" alt=\"\" style=\"max-width: 100%; height: auto;\" srcset=\"https:\/\/www.2radschweiz.ch\/fr\/wp-content\/uploads\/motorrad-bild-daumen-runter-breit-300x225.png 300w, https:\/\/www.2radschweiz.ch\/fr\/wp-content\/uploads\/motorrad-bild-daumen-runter-breit-1024x768.png 1024w, https:\/\/www.2radschweiz.ch\/fr\/wp-content\/uploads\/motorrad-bild-daumen-runter-breit-768x576.png 768w, https:\/\/www.2radschweiz.ch\/fr\/wp-content\/uploads\/motorrad-bild-daumen-runter-breit-1536x1152.png 1536w, https:\/\/www.2radschweiz.ch\/fr\/wp-content\/uploads\/motorrad-bild-daumen-runter-breit.png 1705w\" sizes=\"auto, (max-width: 300px) 100vw, 300px\" \/><\/div><\/div><div id=\"pgc-3413-1-1\"  class=\"panel-grid-cell\" ><div id=\"panel-3413-1-1-0\" class=\"so-panel widget widget_sow-editor panel-first-child panel-last-child\" data-index=\"3\" ><div\n\t\t\t\n\t\t\tclass=\"so-widget-sow-editor so-widget-sow-editor-base\"\n\t\t\t\n\t\t>\n<div class=\"siteorigin-widget-tinymce textwidget\">\n\t<p>Quiconque consulte des sites de motocyclisme s\u2019aper\u00e7oit rapidement que de nombreuses annonces sont pi\u00e8trement illustr\u00e9es. Il peut s\u2019agir de photos floues, d\u2019un \u00e9clairage inad\u00e9quat ou d\u2019un arri\u00e8re-plan charg\u00e9, et ce pour des v\u00e9hicules valant plusieurs dizaines de milliers de francs.<\/p>\n<p>\u00c0 l\u2019inverse, il suffit de jeter un \u0153il au site d\u2019un distributeur de denr\u00e9es alimentaires pour constater le soin apport\u00e9 \u00e0 la photo d\u2019un yaourt vendu 1,35 franc. Le contraste ne pourrait \u00eatre plus flagrant.<\/p>\n<p>Une chose est s\u00fbre\u00a0: la premi\u00e8re impression est cruciale.\u00a0 Une annonce bancale sera rarement prise au s\u00e9rieux, et la moto prendra la poussi\u00e8re. Si votre activit\u00e9 quotidienne tr\u00e9pidante ne vous laisse que peu de temps \u00e0 consacrer \u00e0 la pr\u00e9paration de mod\u00e8les d\u2019occasion, votre processus de vente doit \u00eatre d\u2019autant plus clair.<\/p>\n<p>D\u2019apr\u00e8s notre exp\u00e9rience, le jeu en vaut la chandelle.\u00a0 Prenez le temps de photographier votre v\u00e9hicule sous son meilleur jour, ou faites appel \u00e0 un professionnel.<\/p>\n<p>Notre photographe nous a recommand\u00e9 un appareil photo et des accessoires pour parvenir \u00e0 une exposition optimale. Co\u00fbt de l\u2019investissement\u00a0: environ 1\u00a0000\u00a0francs, soit moins que la marge g\u00e9n\u00e9r\u00e9e par la vente d\u2019une seule moto.\u00a0 Avec son aide, nous avons \u00e9t\u00e9 en mesure de normaliser le processus, ce qui a contribu\u00e9 \u00e0 une nette augmentation des ventes depuis.<\/p>\n<\/div>\n<\/div><\/div><\/div><\/div><\/div><div id=\"pg-3413-2\"  class=\"panel-grid panel-no-style\" ><div id=\"pgc-3413-2-0\"  class=\"panel-grid-cell\" ><div id=\"panel-3413-2-0-0\" class=\"so-panel widget widget_sow-editor panel-first-child panel-last-child\" data-index=\"4\" ><div\n\t\t\t\n\t\t\tclass=\"so-widget-sow-editor so-widget-sow-editor-base\"\n\t\t\t\n\t\t><h3 class=\"widget-title\">R\u00e8gles de base pour r\u00e9ussir ses photos :<\/h3>\n<div class=\"siteorigin-widget-tinymce textwidget\">\n\t<\/div>\n<\/div><\/div><\/div><\/div><div id=\"pg-3413-3\"  class=\"panel-grid panel-no-style\" ><div id=\"pgc-3413-3-0\"  class=\"panel-grid-cell panel-grid-cell-mobile-last\" ><div id=\"panel-3413-3-0-0\" class=\"so-panel widget widget_sow-editor panel-first-child panel-last-child\" data-index=\"5\" ><div class=\"panel-widget-style panel-widget-style-for-3413-3-0-0\" ><div\n\t\t\t\n\t\t\tclass=\"so-widget-sow-editor so-widget-sow-editor-base\"\n\t\t\t\n\t\t>\n<div class=\"siteorigin-widget-tinymce textwidget\">\n\t<p>&nbsp;<\/p>\n<ul>\n<li style=\"list-style-type: none;\">\n<ul>\n<li>c\u00f4t\u00e9 droit = c\u00f4t\u00e9 le plus avantageux<\/li>\n<li>toujours repr\u00e9senter l\u2019int\u00e9gralit\u00e9 de la moto<\/li>\n<li>photographier la moto sous tous les angles<\/li>\n<li>tenir compte de l\u2019\u00e9clairage<\/li>\n<li>prendre ses clich\u00e9s en int\u00e9rieur (conditions invariables)<\/li>\n<li>prendre ses clich\u00e9s ext\u00e9rieurs toujours au m\u00eame endroit<\/li>\n<li>opter pour un fond neutre<\/li>\n<li>prendre le temps de bien faire<\/li>\n<li>l\u2019angle de vue optimal se situe \u00e0 hauteur de poitrine<\/li>\n<li>toujours photographier la moto en position verticale<\/li>\n<\/ul>\n<\/li>\n<\/ul>\n<p>&nbsp;<\/p>\n<\/div>\n<\/div><\/div><\/div><\/div><div id=\"pgc-3413-3-1\"  class=\"panel-grid-cell panel-grid-cell-empty\" ><\/div><\/div><\/div>","protected":false},"excerpt":{"rendered":"<p>De belles photos ne servent pas qu\u2019\u00e0 illustrer et jouent un r\u00f4le d\u00e9terminant dans la r\u00e9ussite commerciale. Des clich\u00e9s de qualit\u00e9 augmentent la probabilit\u00e9 d\u2019une vente, tandis que des clich\u00e9s m\u00e9diocres la diminuent. Ce n\u2019est qu\u2019avec une strat\u00e9gie claire qu\u2019il <a class=\"more-link\" href=\"https:\/\/www.2radschweiz.ch\/fr\/photographie-professionnelle\/\">weiterlesen&#8230;<\/a><\/p>\n","protected":false},"author":4,"featured_media":0,"parent":0,"menu_order":22,"comment_status":"closed","ping_status":"closed","template":"","meta":{"footnotes":""},"class_list":["post-3413","page","type-page","status-publish","hentry"],"_links":{"self":[{"href":"https:\/\/www.2radschweiz.ch\/fr\/wp-json\/wp\/v2\/pages\/3413","targetHints":{"allow":["GET"]}}],"collection":[{"href":"https:\/\/www.2radschweiz.ch\/fr\/wp-json\/wp\/v2\/pages"}],"about":[{"href":"https:\/\/www.2radschweiz.ch\/fr\/wp-json\/wp\/v2\/types\/page"}],"author":[{"embeddable":true,"href":"https:\/\/www.2radschweiz.ch\/fr\/wp-json\/wp\/v2\/users\/4"}],"replies":[{"embeddable":true,"href":"https:\/\/www.2radschweiz.ch\/fr\/wp-json\/wp\/v2\/comments?post=3413"}],"version-history":[{"count":3,"href":"https:\/\/www.2radschweiz.ch\/fr\/wp-json\/wp\/v2\/pages\/3413\/revisions"}],"predecessor-version":[{"id":3418,"href":"https:\/\/www.2radschweiz.ch\/fr\/wp-json\/wp\/v2\/pages\/3413\/revisions\/3418"}],"wp:attachment":[{"href":"https:\/\/www.2radschweiz.ch\/fr\/wp-json\/wp\/v2\/media?parent=3413"}],"curies":[{"name":"wp","href":"https:\/\/api.w.org\/{rel}","templated":true}]}}