{"id":3303,"date":"2025-07-14T09:52:27","date_gmt":"2025-07-14T07:52:27","guid":{"rendered":"https:\/\/www.2radschweiz.ch\/fr\/?page_id=3303"},"modified":"2025-07-14T11:49:01","modified_gmt":"2025-07-14T09:49:01","slug":"a-velo-en-toute-securite","status":"publish","type":"page","link":"https:\/\/www.2radschweiz.ch\/fr\/a-velo-en-toute-securite\/","title":{"rendered":"\u00c0 v\u00e9lo en toute s\u00e9curit\u00e9"},"content":{"rendered":"<div id=\"pl-3303\"  class=\"panel-layout\" ><div id=\"pg-3303-0\"  class=\"panel-grid panel-no-style\" ><div id=\"pgc-3303-0-0\"  class=\"panel-grid-cell\" ><div id=\"panel-3303-0-0-0\" class=\"so-panel widget widget_sow-editor panel-first-child panel-last-child\" data-index=\"0\" ><div\n\t\t\t\n\t\t\tclass=\"so-widget-sow-editor so-widget-sow-editor-base\"\n\t\t\t\n\t\t><h3 class=\"widget-title\">Guide du savoir-vivre sur la route<\/h3>\n<div class=\"siteorigin-widget-tinymce textwidget\">\n\t<p><strong>L'espace routier se diversifie et se r\u00e9tr\u00e9cit. Depuis le 1<sup>er<\/sup> juillet, de nouvelles prescriptions s'appliquent aux v\u00e9los, v\u00e9los \u00e9lectriques, trottinettes \u00e9lectriques et autres. Afin que tous puissent circuler en toute s\u00e9curit\u00e9 et avec \u00e9gards, l'OFROU a r\u00e9vis\u00e9 le guide du v\u00e9lo en collaboration avec des organisations sp\u00e9cialis\u00e9es : Qui doit rouler o\u00f9 ? Quelles sont les nouvelles r\u00e8gles pour les v\u00e9los \u00e9lectriques rapides ou les v\u00e9los-cargos lourds ? Les r\u00e9ponses se trouvent dans le nouveau guide \u00ab \u00c0 v\u00e9lo en toute s\u00e9curit\u00e9 \u00bb.<\/strong><\/p>\n<p>&nbsp;<\/p>\n<\/div>\n<\/div><\/div><\/div><\/div><div id=\"pg-3303-1\"  class=\"panel-grid panel-has-style\" ><div class=\"panel-row-style panel-row-style-for-3303-1\" ><div id=\"pgc-3303-1-0\"  class=\"panel-grid-cell\" ><div id=\"panel-3303-1-0-0\" class=\"so-panel widget widget_media_image panel-first-child panel-last-child\" data-index=\"1\" ><img loading=\"lazy\" decoding=\"async\" width=\"215\" height=\"300\" src=\"https:\/\/www.2radschweiz.ch\/fr\/wp-content\/uploads\/velo-knigge-215x300.png\" class=\"image wp-image-3304  attachment-medium size-medium\" alt=\"\" style=\"max-width: 100%; height: auto;\" srcset=\"https:\/\/www.2radschweiz.ch\/fr\/wp-content\/uploads\/velo-knigge-215x300.png 215w, https:\/\/www.2radschweiz.ch\/fr\/wp-content\/uploads\/velo-knigge.png 595w\" sizes=\"auto, (max-width: 215px) 100vw, 215px\" \/><\/div><\/div><div id=\"pgc-3303-1-1\"  class=\"panel-grid-cell\" ><div id=\"panel-3303-1-1-0\" class=\"so-panel widget widget_sow-editor panel-first-child\" data-index=\"2\" ><div\n\t\t\t\n\t\t\tclass=\"so-widget-sow-editor so-widget-sow-editor-base\"\n\t\t\t\n\t\t>\n<div class=\"siteorigin-widget-tinymce textwidget\">\n\t<p>Le pr\u00e9sent guide vise \u00e0 nous rappeler de faire preuve de respect et de courtoisie dans la circulation routi\u00e8re. Compte tenu du nombre croissant d\u2019accidents graves impliquant des cyclistes ces derni\u00e8res ann\u00e9es, nous invitons tous les usagers de la route \u00e0 agir avec pr\u00e9voyance. Respecter les r\u00e8gles de la circulation et faire preuve de courtoisie peut r\u00e9duire le stress et accro\u00eetre la s\u00e9curit\u00e9 routi\u00e8re.<\/p>\n<\/div>\n<\/div><\/div><div id=\"panel-3303-1-1-1\" class=\"so-panel widget widget_sow-button\" data-index=\"3\" ><div\n\t\t\t\n\t\t\tclass=\"so-widget-sow-button so-widget-sow-button-flat-84b2efc7a28e-3303\"\n\t\t\t\n\t\t><div class=\"ow-button-base ow-button-align-left\"\n>\n\t\t\t<a\n\t\t\t\t\thref=\"https:\/\/www.astra.admin.ch\/astra\/fr\/home\/themes\/routes-nationales\/chantiers\/utile-a-savoir\/velo-toute-securite.html\"\n\t\t\t\t\tclass=\"sowb-button ow-icon-placement-left ow-button-hover\" target=\"_blank\" rel=\"noopener noreferrer\" \t>\n\t\t<span>\n\t\t\t<span class=\"sow-icon-materialicons sowm-regular\" data-sow-icon=\"&#xe5e1\"\n\t\tstyle=\"color: #e7302a\" \n\t\taria-hidden=\"true\"><\/span>\n\t\t\ten savoir plus\t\t<\/span>\n\t\t\t<\/a>\n\t<\/div>\n<\/div><\/div><div id=\"panel-3303-1-1-2\" class=\"so-panel widget widget_sow-button panel-last-child\" data-index=\"4\" ><div\n\t\t\t\n\t\t\tclass=\"so-widget-sow-button so-widget-sow-button-flat-2ba50e447435-3303\"\n\t\t\t\n\t\t><div class=\"ow-button-base ow-button-align-left\"\n>\n\t\t\t<a\n\t\t\t\t\thref=\"https:\/\/www.astra.admin.ch\/dam\/astra\/fr\/dokumente\/abteilung_direktionsgeschaefteallgemein\/velo-knigge.pdf.download.pdf\/A_velo_en_toute_securite.pdf\"\n\t\t\t\t\tclass=\"sowb-button ow-icon-placement-left ow-button-hover\" target=\"_blank\" rel=\"noopener noreferrer\" download=\"\" \t>\n\t\t<span>\n\t\t\t<span class=\"sow-icon-fontawesome sow-far\" data-sow-icon=\"&#xf1c1;\"\n\t\tstyle=\"color: #ffffff\" \n\t\taria-hidden=\"true\"><\/span>\n\t\t\tt\u00e9l\u00e9charger le guide\t\t<\/span>\n\t\t\t<\/a>\n\t<\/div>\n<\/div><\/div><\/div><\/div><\/div><div id=\"pg-3303-2\"  class=\"panel-grid panel-no-style\" ><div id=\"pgc-3303-2-0\"  class=\"panel-grid-cell\" ><div id=\"panel-3303-2-0-0\" class=\"so-panel widget widget_sow-editor panel-first-child panel-last-child\" data-index=\"5\" ><div\n\t\t\t\n\t\t\tclass=\"so-widget-sow-editor so-widget-sow-editor-base\"\n\t\t\t\n\t\t>\n<div class=\"siteorigin-widget-tinymce textwidget\">\n\t<p>Le guide en version imprim\u00e9e peut \u00eatre command\u00e9e aupr\u00e8s du secr\u00e9tariat de 2roues Suisse par t\u00e9l\u00e9phone (062 823 37 85) ou par e-mail \u00e0 <a href=\"&#x6d;&#x61;&#x69;&#x6c;&#x74;&#x6f;&#x3a;&#x69;&#x6e;&#x66;&#x6f;&#x40;&#x32;&#x72;&#x61;&#x64;&#x73;&#x63;&#x68;&#x77;&#x65;&#x69;&#x7a;&#x2e;&#x63;&#x68;\">&#105;&#x6e;f&#x6f;&#x40;&#50;&#x72;a&#x64;&#x73;&#99;&#x68;w&#x65;&#x69;&#122;&#x2e;c&#x68;<\/a>.<\/p>\n<\/div>\n<\/div><\/div><\/div><\/div><\/div>","protected":false},"excerpt":{"rendered":"<p>L&#8217;espace routier se diversifie et se r\u00e9tr\u00e9cit. Depuis le 1er juillet, de nouvelles prescriptions s&#8217;appliquent aux v\u00e9los, v\u00e9los \u00e9lectriques, trottinettes \u00e9lectriques et autres. Afin que tous puissent circuler en toute s\u00e9curit\u00e9 et avec \u00e9gards, l&#8217;OFROU a r\u00e9vis\u00e9 le guide du <a class=\"more-link\" href=\"https:\/\/www.2radschweiz.ch\/fr\/a-velo-en-toute-securite\/\">weiterlesen&#8230;<\/a><\/p>\n","protected":false},"author":7,"featured_media":0,"parent":0,"menu_order":22,"comment_status":"closed","ping_status":"closed","template":"","meta":{"footnotes":""},"class_list":["post-3303","page","type-page","status-publish","hentry"],"_links":{"self":[{"href":"https:\/\/www.2radschweiz.ch\/fr\/wp-json\/wp\/v2\/pages\/3303","targetHints":{"allow":["GET"]}}],"collection":[{"href":"https:\/\/www.2radschweiz.ch\/fr\/wp-json\/wp\/v2\/pages"}],"about":[{"href":"https:\/\/www.2radschweiz.ch\/fr\/wp-json\/wp\/v2\/types\/page"}],"author":[{"embeddable":true,"href":"https:\/\/www.2radschweiz.ch\/fr\/wp-json\/wp\/v2\/users\/7"}],"replies":[{"embeddable":true,"href":"https:\/\/www.2radschweiz.ch\/fr\/wp-json\/wp\/v2\/comments?post=3303"}],"version-history":[{"count":2,"href":"https:\/\/www.2radschweiz.ch\/fr\/wp-json\/wp\/v2\/pages\/3303\/revisions"}],"predecessor-version":[{"id":3309,"href":"https:\/\/www.2radschweiz.ch\/fr\/wp-json\/wp\/v2\/pages\/3303\/revisions\/3309"}],"wp:attachment":[{"href":"https:\/\/www.2radschweiz.ch\/fr\/wp-json\/wp\/v2\/media?parent=3303"}],"curies":[{"name":"wp","href":"https:\/\/api.w.org\/{rel}","templated":true}]}}