{"id":3156,"date":"2025-01-13T11:03:46","date_gmt":"2025-01-13T10:03:46","guid":{"rendered":"https:\/\/www.2radschweiz.ch\/fr\/?page_id=3156"},"modified":"2025-01-13T11:20:57","modified_gmt":"2025-01-13T10:20:57","slug":"searchbystock","status":"publish","type":"page","link":"https:\/\/www.2radschweiz.ch\/fr\/searchbystock\/","title":{"rendered":"SearchByStock pour les concessionnaires de motos suisses"},"content":{"rendered":"<div id=\"pl-3156\"  class=\"panel-layout\" ><div id=\"pg-3156-0\"  class=\"panel-grid panel-has-style\" ><div class=\"panel-row-style panel-row-style-for-3156-0\" ><div id=\"pgc-3156-0-0\"  class=\"panel-grid-cell\" ><div id=\"panel-3156-0-0-0\" class=\"so-panel widget widget_sow-editor panel-first-child panel-last-child\" data-index=\"0\" ><div\n\t\t\t\n\t\t\tclass=\"so-widget-sow-editor so-widget-sow-editor-base\"\n\t\t\t\n\t\t><h3 class=\"widget-title\">Optimiser la disponibilit\u00e9 des pi\u00e8ces <\/h3>\n<div class=\"siteorigin-widget-tinymce textwidget\">\n\t<\/div>\n<\/div><\/div><\/div><\/div><\/div><div id=\"pg-3156-1\"  class=\"panel-grid panel-has-style\" ><div class=\"panel-row-style panel-row-style-for-3156-1\" ><div id=\"pgc-3156-1-0\"  class=\"panel-grid-cell\" ><div id=\"panel-3156-1-0-0\" class=\"so-panel widget widget_sow-editor panel-first-child panel-last-child\" data-index=\"1\" ><div\n\t\t\t\n\t\t\tclass=\"so-widget-sow-editor so-widget-sow-editor-base\"\n\t\t\t\n\t\t>\n<div class=\"siteorigin-widget-tinymce textwidget\">\n\t<p>Un client attend impatiemment sa moto r\u00e9par\u00e9e, mais la pi\u00e8ce de rechange n\u00e9cessaire n'est disponible ni chez vous ni chez vos importateurs. La livraison depuis l'\u00e9tranger prend des semaines, alors que la pi\u00e8ce se trouve peut-\u00eatre dans un autre entrep\u00f4t de concessionnaire en Suisse - inutilis\u00e9e et pr\u00eate \u00e0 \u00eatre vendue. C'est pr\u00e9cis\u00e9ment l\u00e0 qu'intervient SearchByStock.<\/p>\n<p>Cette plate-forme ind\u00e9pendante met en r\u00e9seau les concessionnaires de motos en Suisse afin que les pi\u00e8ces de rechange puissent \u00eatre trouv\u00e9es rapidement et facilement. Avec SearchByStock, il suffit d'entrer le num\u00e9ro de la pi\u00e8ce, de voir imm\u00e9diatement les options disponibles ainsi que les coordonn\u00e9es du revendeur correspondant et de n\u00e9gocier directement l'achat.<\/p>\n<\/div>\n<\/div><\/div><\/div><div id=\"pgc-3156-1-1\"  class=\"panel-grid-cell\" ><div id=\"panel-3156-1-1-0\" class=\"so-panel widget widget_media_image panel-first-child panel-last-child\" data-index=\"2\" ><img loading=\"lazy\" decoding=\"async\" width=\"300\" height=\"169\" src=\"https:\/\/www.2radschweiz.ch\/fr\/wp-content\/uploads\/search-by-stock-300x169.png\" class=\"image wp-image-3157  attachment-medium size-medium\" alt=\"\" style=\"max-width: 100%; height: auto;\" srcset=\"https:\/\/www.2radschweiz.ch\/fr\/wp-content\/uploads\/search-by-stock-300x169.png 300w, https:\/\/www.2radschweiz.ch\/fr\/wp-content\/uploads\/search-by-stock-768x432.png 768w, https:\/\/www.2radschweiz.ch\/fr\/wp-content\/uploads\/search-by-stock-400x225.png 400w, https:\/\/www.2radschweiz.ch\/fr\/wp-content\/uploads\/search-by-stock-780x439.png 780w, https:\/\/www.2radschweiz.ch\/fr\/wp-content\/uploads\/search-by-stock.png 827w\" sizes=\"auto, (max-width: 300px) 100vw, 300px\" \/><\/div><\/div><\/div><\/div><div id=\"pg-3156-2\"  class=\"panel-grid panel-has-style\" ><div class=\"panel-row-style panel-row-style-for-3156-2\" ><div id=\"pgc-3156-2-0\"  class=\"panel-grid-cell\" ><div id=\"panel-3156-2-0-0\" class=\"so-panel widget widget_sow-editor panel-first-child\" data-index=\"3\" ><div\n\t\t\t\n\t\t\tclass=\"so-widget-sow-editor so-widget-sow-editor-base\"\n\t\t\t\n\t\t><h3 class=\"widget-title\">Avantages<\/h3>\n<div class=\"siteorigin-widget-tinymce textwidget\">\n\t<ul>\n<li>Acc\u00e8s rapide aux pi\u00e8ces : trouvez les pi\u00e8ces de rechange recherch\u00e9es en quelques secondes et \u00e9vitez les longs d\u00e9lais d'attente.<\/li>\n<li>Simplicit\u00e9 d'utilisation : g\u00e9rez vos propres stocks manuellement, par t\u00e9l\u00e9chargement CSV ou au moyen d'une connexion automatique via une API REST.<\/li>\n<li>Collaboration efficace : utilisez une plate-forme qui r\u00e9unit toutes les marques et tous les distributeurs, ind\u00e9pendamment des fabricants sp\u00e9cifiques.<\/li>\n<\/ul>\n<\/div>\n<\/div><\/div><div id=\"panel-3156-2-0-1\" class=\"so-panel widget widget_sow-editor\" data-index=\"4\" ><div\n\t\t\t\n\t\t\tclass=\"so-widget-sow-editor so-widget-sow-editor-base\"\n\t\t\t\n\t\t>\n<div class=\"siteorigin-widget-tinymce textwidget\">\n\t<p>SearchByStock sera d'autant plus utile que les commer\u00e7ants seront nombreux \u00e0 y participer. Participez et invitez \u00e9galement des entreprises amies \u00e0 partager leurs stocks sur SearchByStock. Ensemble, nous pouvons minimiser les temps de r\u00e9paration, utiliser les stocks de mani\u00e8re plus efficace et augmenter la satisfaction de vos clients.<\/p>\n<p>SearchByStock n'est pas une plateforme de vente, mais compl\u00e8te vos sources d'approvisionnement existantes. Utilisez-le lorsqu'une pi\u00e8ce n'est pas disponible et profitez de la mise en r\u00e9seau rapide.<\/p>\n<p>Lancez-vous d\u00e8s maintenant et rejoignez le r\u00e9seau qui renforce la branche moto suisse. Rendez-vous sur <strong><a href=\"http:\/\/www.searchbystock.com\/welcome?locale=fr\" target=\"_blank\" rel=\"noopener\">www.searchbystock.com<\/a> <\/strong>et testez la plateforme gratuitement pendant un mois.<\/p>\n<\/div>\n<\/div><\/div><div id=\"panel-3156-2-0-2\" class=\"so-panel widget widget_sow-button panel-last-child\" data-index=\"5\" ><div\n\t\t\t\n\t\t\tclass=\"so-widget-sow-button so-widget-sow-button-flat-84b2efc7a28e-3156\"\n\t\t\t\n\t\t><div class=\"ow-button-base ow-button-align-left\"\n>\n\t\t\t<a\n\t\t\t\t\thref=\"https:\/\/www.searchbystock.com\/welcome?locale=fr\"\n\t\t\t\t\tclass=\"sowb-button ow-icon-placement-left ow-button-hover\" target=\"_blank\" rel=\"noopener noreferrer\" \t>\n\t\t<span>\n\t\t\t<span class=\"sow-icon-materialicons sowm-regular\" data-sow-icon=\"&#xe5e1\"\n\t\tstyle=\"color: #dd3333\" \n\t\taria-hidden=\"true\"><\/span>\n\t\t\tSearchbyStock\t\t<\/span>\n\t\t\t<\/a>\n\t<\/div>\n<\/div><\/div><\/div><\/div><\/div><\/div>","protected":false},"excerpt":{"rendered":"<p>Un client attend impatiemment sa moto r\u00e9par\u00e9e, mais la pi\u00e8ce de rechange n\u00e9cessaire n&#8217;est disponible ni chez vous ni chez vos importateurs. La livraison depuis l&#8217;\u00e9tranger prend des semaines, alors que la pi\u00e8ce se trouve peut-\u00eatre dans un autre entrep\u00f4t <a class=\"more-link\" href=\"https:\/\/www.2radschweiz.ch\/fr\/searchbystock\/\">weiterlesen&#8230;<\/a><\/p>\n","protected":false},"author":7,"featured_media":0,"parent":0,"menu_order":22,"comment_status":"closed","ping_status":"closed","template":"","meta":{"footnotes":""},"class_list":["post-3156","page","type-page","status-publish","hentry"],"_links":{"self":[{"href":"https:\/\/www.2radschweiz.ch\/fr\/wp-json\/wp\/v2\/pages\/3156","targetHints":{"allow":["GET"]}}],"collection":[{"href":"https:\/\/www.2radschweiz.ch\/fr\/wp-json\/wp\/v2\/pages"}],"about":[{"href":"https:\/\/www.2radschweiz.ch\/fr\/wp-json\/wp\/v2\/types\/page"}],"author":[{"embeddable":true,"href":"https:\/\/www.2radschweiz.ch\/fr\/wp-json\/wp\/v2\/users\/7"}],"replies":[{"embeddable":true,"href":"https:\/\/www.2radschweiz.ch\/fr\/wp-json\/wp\/v2\/comments?post=3156"}],"version-history":[{"count":8,"href":"https:\/\/www.2radschweiz.ch\/fr\/wp-json\/wp\/v2\/pages\/3156\/revisions"}],"predecessor-version":[{"id":3165,"href":"https:\/\/www.2radschweiz.ch\/fr\/wp-json\/wp\/v2\/pages\/3156\/revisions\/3165"}],"wp:attachment":[{"href":"https:\/\/www.2radschweiz.ch\/fr\/wp-json\/wp\/v2\/media?parent=3156"}],"curies":[{"name":"wp","href":"https:\/\/api.w.org\/{rel}","templated":true}]}}