{"id":2952,"date":"2024-06-18T13:34:09","date_gmt":"2024-06-18T11:34:09","guid":{"rendered":"https:\/\/www.2radschweiz.ch\/fr\/?page_id=2952"},"modified":"2024-11-18T11:03:04","modified_gmt":"2024-11-18T10:03:04","slug":"heylight","status":"publish","type":"page","link":"https:\/\/www.2radschweiz.ch\/fr\/heylight\/","title":{"rendered":"HeyLight \u2013 solutions de paiement \u00e9chelonn\u00e9"},"content":{"rendered":"<div id=\"pl-2952\"  class=\"panel-layout\" ><div id=\"pg-2952-0\"  class=\"panel-grid panel-has-style\" ><div class=\"panel-row-style panel-row-style-for-2952-0\" ><div id=\"pgc-2952-0-0\"  class=\"panel-grid-cell panel-grid-cell-empty\" ><\/div><\/div><\/div><div id=\"pg-2952-1\"  class=\"panel-grid panel-has-style\" ><div class=\"panel-row-style panel-row-style-for-2952-1\" ><div id=\"pgc-2952-1-0\"  class=\"panel-grid-cell\" ><div id=\"panel-2952-1-0-0\" class=\"so-panel widget widget_sow-editor panel-first-child panel-last-child\" data-index=\"0\" ><div\n\t\t\t\n\t\t\tclass=\"so-widget-sow-editor so-widget-sow-editor-base\"\n\t\t\t\n\t\t>\n<div class=\"siteorigin-widget-tinymce textwidget\">\n\t<p>Vous souhaitez offrir \u00e0 vos clients la possibilit\u00e9 de payer leur v\u00e9lo en plusieurs fois ? Les paiements \u00e9chelonn\u00e9s offrent une valeur ajout\u00e9e :<\/p>\n<ul>\n<li>Vous gagnez de nouveaux clients qui reviendront probablement aussi chez vous pour le service.<\/li>\n<li>Vous augmentez votre chiffre d'affaires, car les donn\u00e9es montrent que les paiements \u00e9chelonn\u00e9s permettent d'atteindre des paniers d'achat plus \u00e9lev\u00e9s.<\/li>\n<\/ul>\n<\/div>\n<\/div><\/div><\/div><div id=\"pgc-2952-1-1\"  class=\"panel-grid-cell\" ><div id=\"panel-2952-1-1-0\" class=\"so-panel widget widget_media_image panel-first-child panel-last-child\" data-index=\"1\" ><img loading=\"lazy\" decoding=\"async\" width=\"300\" height=\"72\" src=\"https:\/\/www.2radschweiz.ch\/fr\/wp-content\/uploads\/2rad-heylight_logo_black-300x72.png\" class=\"image wp-image-3080  attachment-medium size-medium\" alt=\"\" style=\"max-width: 100%; height: auto;\" srcset=\"https:\/\/www.2radschweiz.ch\/fr\/wp-content\/uploads\/2rad-heylight_logo_black-300x72.png 300w, https:\/\/www.2radschweiz.ch\/fr\/wp-content\/uploads\/2rad-heylight_logo_black-1024x244.png 1024w, https:\/\/www.2radschweiz.ch\/fr\/wp-content\/uploads\/2rad-heylight_logo_black-768x183.png 768w, https:\/\/www.2radschweiz.ch\/fr\/wp-content\/uploads\/2rad-heylight_logo_black-1536x366.png 1536w, https:\/\/www.2radschweiz.ch\/fr\/wp-content\/uploads\/2rad-heylight_logo_black-2048x489.png 2048w\" sizes=\"auto, (max-width: 300px) 100vw, 300px\" \/><\/div><\/div><\/div><\/div><div id=\"pg-2952-2\"  class=\"panel-grid panel-has-style\" ><div class=\"panel-row-style panel-row-style-for-2952-2\" ><div id=\"pgc-2952-2-0\"  class=\"panel-grid-cell\" ><div id=\"panel-2952-2-0-0\" class=\"so-panel widget widget_sow-editor panel-first-child\" data-index=\"2\" ><div\n\t\t\t\n\t\t\tclass=\"so-widget-sow-editor so-widget-sow-editor-base\"\n\t\t\t\n\t\t><h3 class=\"widget-title\">Partenariat<\/h3>\n<div class=\"siteorigin-widget-tinymce textwidget\">\n\t<p>Le partenariat de 2roues Suisse avec HeyLight vous offre une solution id\u00e9ale dans le domaine des paiements \u00e9chelonn\u00e9s.<\/p>\n<\/div>\n<\/div><\/div><div id=\"panel-2952-2-0-1\" class=\"so-panel widget widget_sow-editor\" data-index=\"3\" ><div\n\t\t\t\n\t\t\tclass=\"so-widget-sow-editor so-widget-sow-editor-base\"\n\t\t\t\n\t\t>\n<div class=\"siteorigin-widget-tinymce textwidget\">\n\t<p>Avec actuellement plus de 800 partenaires multisectoriels, HeyLight s'est \u00e9tabli comme le fournisseur le plus moderne de paiements \u00e9chelonn\u00e9s et de financements en Suisse. Dans le secteur des 2 roues en particulier, plus de 70 fabricants et commer\u00e7ants font confiance \u00e0 notre solution simple, rapide et innovante.<\/p>\n<\/div>\n<\/div><\/div><div id=\"panel-2952-2-0-2\" class=\"so-panel widget widget_sow-editor\" data-index=\"4\" ><div\n\t\t\t\n\t\t\tclass=\"so-widget-sow-editor so-widget-sow-editor-base\"\n\t\t\t\n\t\t><h3 class=\"widget-title\">Comment fonctionne HeyLight ?<\/h3>\n<div class=\"siteorigin-widget-tinymce textwidget\">\n\t<p>HeyLight permet aux commer\u00e7ants, de proposer un financement simple \u00e0 leurs clients. C'est vous, les commer\u00e7ants, qui d\u00e9cidez qui prendra en charge les frais de financement :<\/p>\n<ul>\n<li>0 % pour le client (commer\u00e7ant, paie des frais).<\/li>\n<li>Avec int\u00e9r\u00eats pour le client (commer\u00e7ant ne paie pas de frais).<\/li>\n<\/ul>\n<\/div>\n<\/div><\/div><div id=\"panel-2952-2-0-3\" class=\"so-panel widget widget_sow-editor\" data-index=\"5\" ><div\n\t\t\t\n\t\t\tclass=\"so-widget-sow-editor so-widget-sow-editor-base\"\n\t\t\t\n\t\t><h3 class=\"widget-title\">Vos avantages<\/h3>\n<div class=\"siteorigin-widget-tinymce textwidget\">\n\t<p>En tant que commer\u00e7ant, vous profitez :<\/p>\n<ul>\n<li>installation gratuite dans le magasin et en ligne (o\u00f9 il y a un plugin)<\/li>\n<li>pas de volume minimum<\/li>\n<li>exp\u00e9riences de plus de 70 commer\u00e7ants de la branche 2 roues<\/li>\n<\/ul>\n<\/div>\n<\/div><\/div><div id=\"panel-2952-2-0-4\" class=\"so-panel widget widget_sow-button\" data-index=\"6\" ><div\n\t\t\t\n\t\t\tclass=\"so-widget-sow-button so-widget-sow-button-flat-0cca030c0091-2952\"\n\t\t\t\n\t\t><div class=\"ow-button-base ow-button-align-left\"\n>\n\t\t\t<a\n\t\t\t\t\thref=\"https:\/\/www.2radschweiz.ch\/fr\/wp-content\/uploads\/HeidiPay-Presentation-2024-FR.pdf\"\n\t\t\t\t\tclass=\"sowb-button ow-icon-placement-left\" download=\"\" \t>\n\t\t<span>\n\t\t\t<span class=\"sow-icon-fontawesome sow-far\" data-sow-icon=\"&#xf1c1;\"\n\t\tstyle=\"color: #dd3333\" \n\t\taria-hidden=\"true\"><\/span>\n\t\t\tPr\u00e9sentation\t\t<\/span>\n\t\t\t<\/a>\n\t<\/div>\n<\/div><\/div><div id=\"panel-2952-2-0-5\" class=\"so-panel widget widget_sow-button\" data-index=\"7\" ><div\n\t\t\t\n\t\t\tclass=\"so-widget-sow-button so-widget-sow-button-flat-0cca030c0091-2952\"\n\t\t\t\n\t\t><div class=\"ow-button-base ow-button-align-left\"\n>\n\t\t\t<a\n\t\t\t\t\thref=\"https:\/\/heylight.com\/ch\/fr\"\n\t\t\t\t\tclass=\"sowb-button ow-icon-placement-left\" target=\"_blank\" rel=\"noopener noreferrer\" \t>\n\t\t<span>\n\t\t\t<span class=\"sow-icon-materialicons sowm-regular\" data-sow-icon=\"&#xe5e1\"\n\t\tstyle=\"color: #dd3333\" \n\t\taria-hidden=\"true\"><\/span>\n\t\t\tEn savoir plus sur HeyLight\t\t<\/span>\n\t\t\t<\/a>\n\t<\/div>\n<\/div><\/div><div id=\"panel-2952-2-0-6\" class=\"so-panel widget widget_sow-button\" data-index=\"8\" ><div\n\t\t\t\n\t\t\tclass=\"so-widget-sow-button so-widget-sow-button-flat-0cca030c0091-2952\"\n\t\t\t\n\t\t><div class=\"ow-button-base ow-button-align-left\"\n>\n\t\t\t<a\n\t\t\t\t\thref=\"https:\/\/share.hsforms.com\/1MbFACxMaQtqdGkurLfnnBw59vt6\"\n\t\t\t\t\tclass=\"sowb-button ow-icon-placement-left\" target=\"_blank\" rel=\"noopener noreferrer\" \t>\n\t\t<span>\n\t\t\t<span class=\"sow-icon-materialicons sowm-regular\" data-sow-icon=\"&#xe5e1\"\n\t\tstyle=\"color: #dd3333\" \n\t\taria-hidden=\"true\"><\/span>\n\t\t\tUtiliser HeyLight maintenant \u2013 formulaire d'inscription\t\t<\/span>\n\t\t\t<\/a>\n\t<\/div>\n<\/div><\/div><div id=\"panel-2952-2-0-7\" class=\"so-panel widget widget_sow-editor panel-last-child\" data-index=\"9\" ><div\n\t\t\t\n\t\t\tclass=\"so-widget-sow-editor so-widget-sow-editor-base\"\n\t\t\t\n\t\t><h3 class=\"widget-title\">Contact<\/h3>\n<div class=\"siteorigin-widget-tinymce textwidget\">\n\t<p>Si vous avez des questions, n'h\u00e9sitez pas \u00e0 contacter directement <strong>Andreas Seeholzer<\/strong> de HeyLight.<\/p>\n<p><a href=\"mailto:andre&#97;&#115;&#46;&#115;&#101;&#101;&#104;&#111;&#108;&#122;&#101;&#114;&#64;&#104;&#101;&#x69;&#x64;&#x69;&#x70;&#x61;&#x79;&#x2e;&#x63;&#x6f;&#x6d;\">&#x61;&#x6e;&#x64;&#x72;&#101;&#97;&#115;&#46;s&#x65;&#x65;&#x68;&#x6f;&#x6c;&#122;&#101;&#114;&#64;h&#x65;&#x69;&#x64;&#x69;&#x70;&#97;&#121;&#46;co&#x6d;<\/a><\/p>\n<\/div>\n<\/div><\/div><\/div><\/div><\/div><\/div>","protected":false},"excerpt":{"rendered":"<p>Vous souhaitez offrir \u00e0 vos clients la possibilit\u00e9 de payer leur v\u00e9lo en plusieurs fois ? Les paiements \u00e9chelonn\u00e9s offrent une valeur ajout\u00e9e : Vous gagnez de nouveaux clients qui reviendront probablement aussi chez vous pour le service. Vous augmentez <a class=\"more-link\" href=\"https:\/\/www.2radschweiz.ch\/fr\/heylight\/\">weiterlesen&#8230;<\/a><\/p>\n","protected":false},"author":7,"featured_media":0,"parent":0,"menu_order":22,"comment_status":"closed","ping_status":"closed","template":"","meta":{"footnotes":""},"class_list":["post-2952","page","type-page","status-publish","hentry"],"_links":{"self":[{"href":"https:\/\/www.2radschweiz.ch\/fr\/wp-json\/wp\/v2\/pages\/2952","targetHints":{"allow":["GET"]}}],"collection":[{"href":"https:\/\/www.2radschweiz.ch\/fr\/wp-json\/wp\/v2\/pages"}],"about":[{"href":"https:\/\/www.2radschweiz.ch\/fr\/wp-json\/wp\/v2\/types\/page"}],"author":[{"embeddable":true,"href":"https:\/\/www.2radschweiz.ch\/fr\/wp-json\/wp\/v2\/users\/7"}],"replies":[{"embeddable":true,"href":"https:\/\/www.2radschweiz.ch\/fr\/wp-json\/wp\/v2\/comments?post=2952"}],"version-history":[{"count":31,"href":"https:\/\/www.2radschweiz.ch\/fr\/wp-json\/wp\/v2\/pages\/2952\/revisions"}],"predecessor-version":[{"id":3087,"href":"https:\/\/www.2radschweiz.ch\/fr\/wp-json\/wp\/v2\/pages\/2952\/revisions\/3087"}],"wp:attachment":[{"href":"https:\/\/www.2radschweiz.ch\/fr\/wp-json\/wp\/v2\/media?parent=2952"}],"curies":[{"name":"wp","href":"https:\/\/api.w.org\/{rel}","templated":true}]}}