{"id":2921,"date":"2024-06-03T16:01:32","date_gmt":"2024-06-03T14:01:32","guid":{"rendered":"https:\/\/www.2radschweiz.ch\/fr\/?page_id=2921"},"modified":"2024-11-18T11:07:22","modified_gmt":"2024-11-18T10:07:22","slug":"cp-mobil","status":"publish","type":"page","link":"https:\/\/www.2radschweiz.ch\/fr\/cp-mobil\/","title":{"rendered":"CP Mobil &#8211; La caisse de pensions pour le secteur de la mobilit\u00e9 en Suisse"},"content":{"rendered":"<div id=\"pl-2921\"  class=\"panel-layout\" ><div id=\"pg-2921-0\"  class=\"panel-grid panel-has-style\" ><div class=\"panel-row-style panel-row-style-for-2921-0\" ><div id=\"pgc-2921-0-0\"  class=\"panel-grid-cell\" ><div id=\"panel-2921-0-0-0\" class=\"so-panel widget widget_sow-editor panel-first-child panel-last-child\" data-index=\"0\" ><div\n\t\t\t\n\t\t\tclass=\"so-widget-sow-editor so-widget-sow-editor-base\"\n\t\t\t\n\t\t>\n<div class=\"siteorigin-widget-tinymce textwidget\">\n\t<p>La CP MOBIL est la caisse de pensions pour le secteur de la mobilit\u00e9 en Suisse et est ouverte aux membres de 2roues Suisse, de l'UPSA, de l'ASTAG et de carrosserie suisse. Son partenariat et sa collaboration \u00e9troits avec les associations mentionn\u00e9es lui conf\u00e8rent une connaissance approfondie du secteur. Elle est synonyme de s\u00e9curit\u00e9 et de stabilit\u00e9 depuis sa cr\u00e9ation. Outre les contributions aux frais administratifs faibles et stables, elle permet \u00e0 ses membres de d\u00e9tecter et de pr\u00e9venir pr\u00e9cocement les cas de prestation gr\u00e2ce \u00e0 la gestion de la sant\u00e9 en entreprise (GSE). En outre, les membres ont la possibilit\u00e9 de g\u00e9rer eux-m\u00eames diverses mutations via l'outil en ligne \u00abconnect\u00bb.<\/p>\n<\/div>\n<\/div><\/div><\/div><div id=\"pgc-2921-0-1\"  class=\"panel-grid-cell\" ><div id=\"panel-2921-0-1-0\" class=\"so-panel widget widget_media_image panel-first-child panel-last-child\" data-index=\"1\" ><img loading=\"lazy\" decoding=\"async\" width=\"300\" height=\"129\" src=\"https:\/\/www.2radschweiz.ch\/fr\/wp-content\/uploads\/pk-mobil-300x129.jpg\" class=\"image wp-image-2924  attachment-medium size-medium\" alt=\"\" style=\"max-width: 100%; height: auto;\" srcset=\"https:\/\/www.2radschweiz.ch\/fr\/wp-content\/uploads\/pk-mobil-300x129.jpg 300w, https:\/\/www.2radschweiz.ch\/fr\/wp-content\/uploads\/pk-mobil.jpg 702w\" sizes=\"auto, (max-width: 300px) 100vw, 300px\" \/><\/div><\/div><\/div><\/div><div id=\"pg-2921-1\"  class=\"panel-grid panel-no-style\" ><div id=\"pgc-2921-1-0\"  class=\"panel-grid-cell\" ><div id=\"panel-2921-1-0-0\" class=\"so-panel widget widget_sow-editor panel-first-child\" data-index=\"2\" ><div\n\t\t\t\n\t\t\tclass=\"so-widget-sow-editor so-widget-sow-editor-base\"\n\t\t\t\n\t\t><h3 class=\"widget-title\">Notre offre<\/h3>\n<div class=\"siteorigin-widget-tinymce textwidget\">\n\t<ul>\n<li>Prestations de pr\u00e9voyance au-del\u00e0 du minimum l\u00e9gal<\/li>\n<li>Options de pr\u00e9voyance adapt\u00e9es aux besoins<\/li>\n<li>Tarifs stables et \u00e0 des co\u00fbts raisonnables<\/li>\n<li>Service-client de premier ordre<\/li>\n<li>Pr\u00e9voyance compl\u00e8te<\/li>\n<li>Gestion de la sant\u00e9 pour l\u2019entreprise<\/li>\n<li>Outil en ligne moderne pour les employeurs et les personnes assur\u00e9es<\/li>\n<\/ul>\n<\/div>\n<\/div><\/div><div id=\"panel-2921-1-0-1\" class=\"so-panel widget widget_sow-editor panel-last-child\" data-index=\"3\" ><div\n\t\t\t\n\t\t\tclass=\"so-widget-sow-editor so-widget-sow-editor-base\"\n\t\t\t\n\t\t><h3 class=\"widget-title\">B\u00e9n\u00e9fices pour les membres<\/h3>\n<div class=\"siteorigin-widget-tinymce textwidget\">\n\t<ul>\n<li>Conseil personnel sur place<\/li>\n<li>Plans de pr\u00e9voyance ais\u00e9ment compr\u00e9hensibles<\/li>\n<li>Paiement en fin de mois\/trimestre<\/li>\n<li>R\u00e9duction de 2 % dans la cat\u00e9gorie d\u2019\u00e2ge la plus \u00e9lev\u00e9e (\u00e0 partir de 55 ans)<\/li>\n<li>S\u00e9curit\u00e9 par la comp\u00e9tence<\/li>\n<li>Tirez parti des connaissances de branche CP MOBIL<\/li>\n<li>D\u00e9tection pr\u00e9coce et pr\u00e9vention de cas de sinistres<\/li>\n<\/ul>\n<p>&nbsp;<\/p>\n<\/div>\n<\/div><\/div><\/div><\/div><div id=\"pg-2921-2\"  class=\"panel-grid panel-has-style\" ><div class=\"panel-row-style panel-row-style-for-2921-2\" ><div id=\"pgc-2921-2-0\"  class=\"panel-grid-cell\" ><div id=\"panel-2921-2-0-0\" class=\"so-panel widget widget_media_image panel-first-child\" data-index=\"4\" ><img loading=\"lazy\" decoding=\"async\" width=\"279\" height=\"287\" src=\"https:\/\/www.2radschweiz.ch\/fr\/wp-content\/uploads\/roland-graf.png\" class=\"image wp-image-2925  attachment-full size-full\" alt=\"\" style=\"max-width: 100%; height: auto;\" \/><\/div><div id=\"panel-2921-2-0-1\" class=\"so-panel widget widget_sow-editor panel-last-child\" data-index=\"5\" ><div\n\t\t\t\n\t\t\tclass=\"so-widget-sow-editor so-widget-sow-editor-base\"\n\t\t\t\n\t\t>\n<div class=\"siteorigin-widget-tinymce textwidget\">\n\t<p><span style=\"font-size: 10px;\">Roland Graf, Directeur<\/span><\/p>\n<p>&nbsp;<\/p>\n<\/div>\n<\/div><\/div><\/div><div id=\"pgc-2921-2-1\"  class=\"panel-grid-cell\" ><div id=\"panel-2921-2-1-0\" class=\"so-panel widget widget_sow-editor panel-first-child panel-last-child\" data-index=\"6\" ><div\n\t\t\t\n\t\t\tclass=\"so-widget-sow-editor so-widget-sow-editor-base\"\n\t\t\t\n\t\t><h3 class=\"widget-title\">La s\u00e9curit\u00e9 avant tout<\/h3>\n<div class=\"siteorigin-widget-tinymce textwidget\">\n\t<p>Comme dans toute entreprise responsable, le d\u00e9veloppement est au coeur des pr\u00e9occupations de la CP MOBIL. \u00abDans ce contexte, elle a toujours mis l\u2019accent sur la s\u00e9curit\u00e9 et la stabilit\u00e9, ainsi que sur les besoins de ses membres\u00bb, explique Roland Graf.<\/p>\n<p>&nbsp;<\/p>\n<\/div>\n<\/div><\/div><\/div><\/div><\/div><div id=\"pg-2921-3\"  class=\"panel-grid panel-has-style\" ><div class=\"panel-row-style panel-row-style-for-2921-3\" ><div id=\"pgc-2921-3-0\"  class=\"panel-grid-cell\" ><div id=\"panel-2921-3-0-0\" class=\"so-panel widget widget_media_image panel-first-child\" data-index=\"7\" ><img loading=\"lazy\" decoding=\"async\" width=\"285\" height=\"288\" src=\"https:\/\/www.2radschweiz.ch\/fr\/wp-content\/uploads\/patrick-marinkovic.png\" class=\"image wp-image-2926  attachment-full size-full\" alt=\"\" style=\"max-width: 100%; height: auto;\" \/><\/div><div id=\"panel-2921-3-0-1\" class=\"so-panel widget widget_sow-editor panel-last-child\" data-index=\"8\" ><div\n\t\t\t\n\t\t\tclass=\"so-widget-sow-editor so-widget-sow-editor-base\"\n\t\t\t\n\t\t>\n<div class=\"siteorigin-widget-tinymce textwidget\">\n\t<p><span style=\"font-size: 10px;\">Patrick Marinkovic, Responsable distribution<\/span><\/p>\n<p>&nbsp;<\/p>\n<\/div>\n<\/div><\/div><\/div><div id=\"pgc-2921-3-1\"  class=\"panel-grid-cell\" ><div id=\"panel-2921-3-1-0\" class=\"so-panel widget widget_sow-editor panel-first-child panel-last-child\" data-index=\"9\" ><div\n\t\t\t\n\t\t\tclass=\"so-widget-sow-editor so-widget-sow-editor-base\"\n\t\t\t\n\t\t><h3 class=\"widget-title\">En route pour vous tous les jours: le service externe de la CP MOBIL<\/h3>\n<div class=\"siteorigin-widget-tinymce textwidget\">\n\t<p>L'\u00e9quipe de distribution, compos\u00e9e de 5 personnes r\u00e9parties dans toute la Suisse, se r\u00e9jouit de vous rencontrer pour un entretien de conseil sans engagement.<\/p>\n<p>Caisse de pensions MOBIL<br \/>\n031 326 20 19<br \/>\n<a href=\"&#x6d;&#97;i&#x6c;&#116;o&#x3a;&#105;n&#x66;&#111;&#64;&#x70;&#107;m&#x6f;&#98;i&#x6c;&#46;c&#x68;\">&#x69;&#110;f&#x6f;&#64;p&#x6b;&#x6d;&#111;&#x62;&#x69;&#108;&#46;&#x63;&#104;<\/a><\/p>\n<p>Coordonn\u00e9es de contact sur <a href=\"https:\/\/www.mobilvia.ch\/fr\/home\" target=\"_blank\" rel=\"noopener\">mobilvia.ch<\/a><\/p>\n<\/div>\n<\/div><\/div><\/div><\/div><\/div><div id=\"pg-2921-4\"  class=\"panel-grid panel-no-style\" ><div id=\"pgc-2921-4-0\"  class=\"panel-grid-cell\" ><div id=\"panel-2921-4-0-0\" class=\"so-panel widget widget_sow-button panel-first-child panel-last-child\" data-index=\"10\" ><div\n\t\t\t\n\t\t\tclass=\"so-widget-sow-button so-widget-sow-button-flat-61910e4454c0-2921\"\n\t\t\t\n\t\t><div class=\"ow-button-base ow-button-align-left\"\n>\n\t\t\t<a\n\t\t\t\t\thref=\"https:\/\/www.2radschweiz.ch\/fr\/wp-content\/uploads\/2rad-CP-MOBIL.pdf\"\n\t\t\t\t\tclass=\"sowb-button ow-icon-placement-left\" download=\"\" \t>\n\t\t<span>\n\t\t\t<span class=\"sow-icon-fontawesome sow-far\" data-sow-icon=\"&#xf1c1;\"\n\t\tstyle=\"color: #ffffff\" \n\t\taria-hidden=\"true\"><\/span>\n\t\t\tL'union fait la force: votre pr\u00e9voyance d'association\t\t<\/span>\n\t\t\t<\/a>\n\t<\/div>\n<\/div><\/div><\/div><\/div><\/div>","protected":false},"excerpt":{"rendered":"<p>La CP MOBIL est la caisse de pensions pour le secteur de la mobilit\u00e9 en Suisse et est ouverte aux membres de 2roues Suisse, de l&#8217;UPSA, de l&#8217;ASTAG et de carrosserie suisse. Son partenariat et sa collaboration \u00e9troits avec les <a class=\"more-link\" href=\"https:\/\/www.2radschweiz.ch\/fr\/cp-mobil\/\">weiterlesen&#8230;<\/a><\/p>\n","protected":false},"author":7,"featured_media":0,"parent":0,"menu_order":22,"comment_status":"closed","ping_status":"closed","template":"","meta":{"footnotes":""},"class_list":["post-2921","page","type-page","status-publish","hentry"],"_links":{"self":[{"href":"https:\/\/www.2radschweiz.ch\/fr\/wp-json\/wp\/v2\/pages\/2921","targetHints":{"allow":["GET"]}}],"collection":[{"href":"https:\/\/www.2radschweiz.ch\/fr\/wp-json\/wp\/v2\/pages"}],"about":[{"href":"https:\/\/www.2radschweiz.ch\/fr\/wp-json\/wp\/v2\/types\/page"}],"author":[{"embeddable":true,"href":"https:\/\/www.2radschweiz.ch\/fr\/wp-json\/wp\/v2\/users\/7"}],"replies":[{"embeddable":true,"href":"https:\/\/www.2radschweiz.ch\/fr\/wp-json\/wp\/v2\/comments?post=2921"}],"version-history":[{"count":26,"href":"https:\/\/www.2radschweiz.ch\/fr\/wp-json\/wp\/v2\/pages\/2921\/revisions"}],"predecessor-version":[{"id":3091,"href":"https:\/\/www.2radschweiz.ch\/fr\/wp-json\/wp\/v2\/pages\/2921\/revisions\/3091"}],"wp:attachment":[{"href":"https:\/\/www.2radschweiz.ch\/fr\/wp-json\/wp\/v2\/media?parent=2921"}],"curies":[{"name":"wp","href":"https:\/\/api.w.org\/{rel}","templated":true}]}}