{"id":2906,"date":"2024-05-14T11:08:05","date_gmt":"2024-05-14T09:08:05","guid":{"rendered":"https:\/\/www.2radschweiz.ch\/fr\/?page_id=2906"},"modified":"2025-05-27T17:06:44","modified_gmt":"2025-05-27T15:06:44","slug":"futur-en-tous-genres","status":"publish","type":"page","link":"https:\/\/www.2radschweiz.ch\/fr\/futur-en-tous-genres\/","title":{"rendered":"Futur en tous genres \u2013 13 novembre 2025"},"content":{"rendered":"<div id=\"pl-2906\"  class=\"panel-layout\" ><div id=\"pg-2906-0\"  class=\"panel-grid panel-has-style\" ><div class=\"panel-row-style panel-row-style-for-2906-0\" ><div id=\"pgc-2906-0-0\"  class=\"panel-grid-cell\" ><div id=\"panel-2906-0-0-0\" class=\"so-panel widget widget_sow-editor panel-first-child\" data-index=\"0\" ><div\n\t\t\t\n\t\t\tclass=\"so-widget-sow-editor so-widget-sow-editor-base\"\n\t\t\t\n\t\t><h3 class=\"widget-title\">Promouvoir la diversit\u00e9 et l\u2019\u00e9galit\u00e9 des chances dans le monde professionnel<\/h3>\n<div class=\"siteorigin-widget-tinymce textwidget\">\n\t<\/div>\n<\/div><\/div><div id=\"panel-2906-0-0-1\" class=\"so-panel widget widget_sow-editor\" data-index=\"1\" ><div\n\t\t\t\n\t\t\tclass=\"so-widget-sow-editor so-widget-sow-editor-base\"\n\t\t\t\n\t\t>\n<div class=\"siteorigin-widget-tinymce textwidget\">\n\t<p>La journ\u00e9e nationale Futur en tous genres repose sur le principe de participation crois\u00e9e\u00a0: des \u00e9l\u00e8ves d\u00e9couvrent par la pratique des m\u00e9tiers et des domaines d\u2019activit\u00e9 dans lesquels leur genre est sous-repr\u00e9sent\u00e9. Futur en tous genres les encourage \u00e0 mettre en avant leurs int\u00e9r\u00eats et leurs talents lors de leur choix d\u2019orientation ainsi qu\u2019\u00e0 remettre en question les pr\u00e9jug\u00e9s.<\/p>\n<p>Pourquoi est-ce important ? La recherche montre que les \u00e9quipes mixtes obtiennent de meilleurs r\u00e9sultats. C\u2019est pr\u00e9cis\u00e9ment ce que promeut Futur en tous genres \u2013 la diversit\u00e9 et l\u2019\u00e9galit\u00e9 des chances dans le monde professionnel.<\/p>\n<p>Le secr\u00e9tariat de Futur en tous genres vous invite \u00e0 ouvrir vos portes \u00e0 des jeunes le <strong>jeudi 13\u00a0novembre 2025<\/strong>. En organisant un atelier th\u00e9matique, vous vous adressez \u00e9galement \u00e0 de futurs talents qui n\u2019ont pas encore de liens avec votre entreprise ou votre organisation. Vous avez ainsi la possibilit\u00e9 d\u2019influencer durablement les choix professionnels mais aussi acc\u00e8s \u00e0 un plus grand vivier de talents.<\/p>\n<\/div>\n<\/div><\/div><div id=\"panel-2906-0-0-2\" class=\"so-panel widget widget_sow-button\" data-index=\"2\" ><div\n\t\t\t\n\t\t\tclass=\"so-widget-sow-button so-widget-sow-button-flat-0cca030c0091-2906\"\n\t\t\t\n\t\t><div class=\"ow-button-base ow-button-align-left\"\n>\n\t\t\t<a\n\t\t\t\t\thref=\"http:\/\/www.futurentousgenres.ch\/\"\n\t\t\t\t\tclass=\"sowb-button ow-icon-placement-left\" target=\"_blank\" rel=\"noopener noreferrer\" \t>\n\t\t<span>\n\t\t\t<span class=\"sow-icon-materialicons sowm-regular\" data-sow-icon=\"&#xe5e1\"\n\t\tstyle=\"color: #e7302a\" \n\t\taria-hidden=\"true\"><\/span>\n\t\t\tEn savoir plus\t\t<\/span>\n\t\t\t<\/a>\n\t<\/div>\n<\/div><\/div><div id=\"panel-2906-0-0-3\" class=\"so-panel widget widget_sow-button\" data-index=\"3\" ><div\n\t\t\t\n\t\t\tclass=\"so-widget-sow-button so-widget-sow-button-flat-0cca030c0091-2906\"\n\t\t\t\n\t\t><div class=\"ow-button-base ow-button-align-left\"\n>\n\t\t\t<a\n\t\t\t\t\thref=\"https:\/\/www.futurentousgenres.ch\/documentation#c-tab-5668b287-5d7c-406b-89c6-3e580ad974ff\"\n\t\t\t\t\tclass=\"sowb-button ow-icon-placement-left\" target=\"_blank\" rel=\"noopener noreferrer\" \t>\n\t\t<span>\n\t\t\t<span class=\"sow-icon-materialicons sowm-regular\" data-sow-icon=\"&#xe5e1\"\n\t\tstyle=\"color: #e7302a\" \n\t\taria-hidden=\"true\"><\/span>\n\t\t\tDocumentation pour les entreprises\t\t<\/span>\n\t\t\t<\/a>\n\t<\/div>\n<\/div><\/div><div id=\"panel-2906-0-0-4\" class=\"so-panel widget widget_sow-button panel-last-child\" data-index=\"4\" ><div\n\t\t\t\n\t\t\tclass=\"so-widget-sow-button so-widget-sow-button-flat-0cca030c0091-2906\"\n\t\t\t\n\t\t><div class=\"ow-button-base ow-button-align-left\"\n>\n\t\t\t<a\n\t\t\t\t\thref=\"https:\/\/www.futurentousgenres.ch\/assets\/uploads\/public\/2025_Flyer_Futur-en-tous-genres.pdf\"\n\t\t\t\t\tclass=\"sowb-button ow-icon-placement-left\" target=\"_blank\" rel=\"noopener noreferrer\" \t>\n\t\t<span>\n\t\t\t<span class=\"sow-icon-materialicons sowm-regular\" data-sow-icon=\"&#xe5e1\"\n\t\tstyle=\"color: #e7302a\" \n\t\taria-hidden=\"true\"><\/span>\n\t\t\tFlyer\t\t<\/span>\n\t\t\t<\/a>\n\t<\/div>\n<\/div><\/div><\/div><\/div><\/div><div id=\"pg-2906-1\"  class=\"panel-grid panel-no-style\" ><div id=\"pgc-2906-1-0\"  class=\"panel-grid-cell\" ><div id=\"panel-2906-1-0-0\" class=\"so-panel widget widget_sow-editor panel-first-child\" data-index=\"5\" ><div\n\t\t\t\n\t\t\tclass=\"so-widget-sow-editor so-widget-sow-editor-base\"\n\t\t\t\n\t\t><h3 class=\"widget-title\">La journ\u00e9e Futur en tous genres b\u00e9n\u00e9ficie aussi aux entreprises et aux organisations <\/h3>\n<div class=\"siteorigin-widget-tinymce textwidget\">\n\t<p>Notre nouvelle vid\u00e9o sur la journ\u00e9e Futur en tous genres vous pr\u00e9sente les avantages de la participation\u00a0:<\/p>\n<\/div>\n<\/div><\/div><div id=\"panel-2906-1-0-1\" class=\"so-panel widget widget_sow-button\" data-index=\"6\" ><div\n\t\t\t\n\t\t\tclass=\"so-widget-sow-button so-widget-sow-button-flat-0cca030c0091-2906\"\n\t\t\t\n\t\t><div class=\"ow-button-base ow-button-align-left\"\n>\n\t\t\t<a\n\t\t\t\t\thref=\"https:\/\/www.youtube.com\/watch?v=9O8sq1KveE4&#038;ab\"\n\t\t\t\t\tclass=\"sowb-button ow-icon-placement-left\" target=\"_blank\" rel=\"noopener noreferrer\" \t>\n\t\t<span>\n\t\t\t<span class=\"sow-icon-materialicons sowm-regular\" data-sow-icon=\"&#xe5e1\"\n\t\tstyle=\"color: #e7302a\" \n\t\taria-hidden=\"true\"><\/span>\n\t\t\tVid\u00e9o\t\t<\/span>\n\t\t\t<\/a>\n\t<\/div>\n<\/div><\/div><div id=\"panel-2906-1-0-2\" class=\"so-panel widget widget_sow-editor\" data-index=\"7\" ><div\n\t\t\t\n\t\t\tclass=\"so-widget-sow-editor so-widget-sow-editor-base\"\n\t\t\t\n\t\t><h3 class=\"widget-title\">Vous souhaitez proposer des places d\u2019atelier ? Inscrivez-vous d\u00e8s le 28 avril et jusque fin ao\u00fbt !<\/h3>\n<div class=\"siteorigin-widget-tinymce textwidget\">\n\t<\/div>\n<\/div><\/div><div id=\"panel-2906-1-0-3\" class=\"so-panel widget widget_sow-button panel-last-child\" data-index=\"8\" ><div\n\t\t\t\n\t\t\tclass=\"so-widget-sow-button so-widget-sow-button-flat-e17d77e195de-2906\"\n\t\t\t\n\t\t><div class=\"ow-button-base ow-button-align-left\"\n>\n\t\t\t<a\n\t\t\t\t\thref=\"https:\/\/www.futurentousgenres.ch\/ateliers\/inscription\"\n\t\t\t\t\tclass=\"sowb-button ow-icon-placement-left\" target=\"_blank\" rel=\"noopener noreferrer\" \t>\n\t\t<span>\n\t\t\t<span class=\"sow-icon-materialicons sowm-regular\" data-sow-icon=\"&#xe5e1\"\n\t\tstyle=\"color: #dd3333\" \n\t\taria-hidden=\"true\"><\/span>\n\t\t\tInscrire une entreprise\t\t<\/span>\n\t\t\t<\/a>\n\t<\/div>\n<\/div><\/div><\/div><\/div><div id=\"pg-2906-2\"  class=\"panel-grid panel-has-style\" ><div class=\"panel-row-style panel-row-style-for-2906-2\" ><div id=\"pgc-2906-2-0\"  class=\"panel-grid-cell\" ><div id=\"panel-2906-2-0-0\" class=\"so-panel widget widget_sow-editor panel-first-child panel-last-child\" data-index=\"9\" ><div\n\t\t\t\n\t\t\tclass=\"so-widget-sow-editor so-widget-sow-editor-base\"\n\t\t\t\n\t\t><h3 class=\"widget-title\">Contact<\/h3>\n<div class=\"siteorigin-widget-tinymce textwidget\">\n\t<p>Oc\u00e9ane Corthay<br \/>\nCoordinatrice romande<\/p>\n<p>Tel. 022 388 74 73<br \/>\n<u>&#111;&#x2e;c&#111;&#x72;t&#x68;&#x61;&#121;&#x40;f&#117;&#x74;u&#114;&#x65;&#110;&#x74;o&#117;&#x73;g&#101;&#x6e;&#114;&#x65;&#x73;&#46;&#x63;h<\/u><\/p>\n<p>&nbsp;<\/p>\n<\/div>\n<\/div><\/div><\/div><div id=\"pgc-2906-2-1\"  class=\"panel-grid-cell panel-grid-cell-mobile-last\" ><div id=\"panel-2906-2-1-0\" class=\"so-panel widget widget_sow-image panel-first-child panel-last-child\" data-index=\"10\" ><div\n\t\t\t\n\t\t\tclass=\"so-widget-sow-image so-widget-sow-image-default-8b5b6f678277-2906\"\n\t\t\t\n\t\t>\n<div class=\"sow-image-container\">\n\t\t<img \n\tsrc=\"https:\/\/www.2radschweiz.ch\/fr\/wp-content\/uploads\/futur-en-tous-genres.png\" width=\"288\" height=\"113\" sizes=\"(max-width: 288px) 100vw, 288px\" title=\"Futur en tous genres\" alt=\"\" \t\tclass=\"so-widget-image\"\/>\n\t<\/div>\n\n<\/div><\/div><\/div><div id=\"pgc-2906-2-2\"  class=\"panel-grid-cell panel-grid-cell-empty\" ><\/div><\/div><\/div><\/div>","protected":false},"excerpt":{"rendered":"<p>La journ\u00e9e nationale Futur en tous genres repose sur le principe de participation crois\u00e9e\u00a0: des \u00e9l\u00e8ves d\u00e9couvrent par la pratique des m\u00e9tiers et des domaines d\u2019activit\u00e9 dans lesquels leur genre est sous-repr\u00e9sent\u00e9. Futur en tous genres les encourage \u00e0 mettre <a class=\"more-link\" href=\"https:\/\/www.2radschweiz.ch\/fr\/futur-en-tous-genres\/\">weiterlesen&#8230;<\/a><\/p>\n","protected":false},"author":7,"featured_media":0,"parent":0,"menu_order":22,"comment_status":"closed","ping_status":"closed","template":"","meta":{"footnotes":""},"class_list":["post-2906","page","type-page","status-publish","hentry"],"_links":{"self":[{"href":"https:\/\/www.2radschweiz.ch\/fr\/wp-json\/wp\/v2\/pages\/2906","targetHints":{"allow":["GET"]}}],"collection":[{"href":"https:\/\/www.2radschweiz.ch\/fr\/wp-json\/wp\/v2\/pages"}],"about":[{"href":"https:\/\/www.2radschweiz.ch\/fr\/wp-json\/wp\/v2\/types\/page"}],"author":[{"embeddable":true,"href":"https:\/\/www.2radschweiz.ch\/fr\/wp-json\/wp\/v2\/users\/7"}],"replies":[{"embeddable":true,"href":"https:\/\/www.2radschweiz.ch\/fr\/wp-json\/wp\/v2\/comments?post=2906"}],"version-history":[{"count":20,"href":"https:\/\/www.2radschweiz.ch\/fr\/wp-json\/wp\/v2\/pages\/2906\/revisions"}],"predecessor-version":[{"id":3260,"href":"https:\/\/www.2radschweiz.ch\/fr\/wp-json\/wp\/v2\/pages\/2906\/revisions\/3260"}],"wp:attachment":[{"href":"https:\/\/www.2radschweiz.ch\/fr\/wp-json\/wp\/v2\/media?parent=2906"}],"curies":[{"name":"wp","href":"https:\/\/api.w.org\/{rel}","templated":true}]}}