{"id":2860,"date":"2024-03-14T14:58:34","date_gmt":"2024-03-14T13:58:34","guid":{"rendered":"https:\/\/www.2radschweiz.ch\/fr\/?page_id=2860"},"modified":"2024-03-14T14:58:34","modified_gmt":"2024-03-14T13:58:34","slug":"outil-de-calcul","status":"publish","type":"page","link":"https:\/\/www.2radschweiz.ch\/fr\/outil-de-calcul\/","title":{"rendered":"Outil de calcul pour l&#8217;\u00e9change de v\u00e9los"},"content":{"rendered":"<div id=\"pl-2860\"  class=\"panel-layout\" ><div id=\"pg-2860-0\"  class=\"panel-grid panel-no-style\" ><div id=\"pgc-2860-0-0\"  class=\"panel-grid-cell\" ><div id=\"panel-2860-0-0-0\" class=\"so-panel widget widget_sow-editor panel-first-child\" data-index=\"0\" ><div\n\t\t\t\n\t\t\tclass=\"so-widget-sow-editor so-widget-sow-editor-base\"\n\t\t\t\n\t\t>\n<div class=\"siteorigin-widget-tinymce textwidget\">\n\t<p>L'augmentation des ventes de v\u00e9hicules s'accompagne d'un nombre croissant de demandes de clients pour l'\u00e9change de leur ancien v\u00e9lo. 2roues Suisse tient compte de cette \u00e9volution en mettant \u00e0 jour son outil d'occasion \u00e9prouv\u00e9. L'objectif est de d\u00e9terminer une valeur aussi r\u00e9aliste que possible pour l'ancien v\u00e9lo. En effet, le commerce d'occasion pr\u00e9sente des opportunit\u00e9s, mais aussi des risques.<\/p>\n<p>Outre les fonctions connues avec la d\u00e9termination du prix d'\u00e9change, le contrat de reprise et le calcul du prix de vente apr\u00e8s remise en \u00e9tat du v\u00e9lo, les fonctions suivantes ont \u00e9t\u00e9 ajout\u00e9es dans la mise \u00e0 jour :<\/p>\n<ul>\n<li>nouveau code EAN pour le syst\u00e8me de caisse<\/li>\n<li>les km du v\u00e9hicule ont un effet sur le calcul<\/li>\n<li>l'achat en commission peut \u00eatre calcul\u00e9<\/li>\n<li>le contrat de commission est g\u00e9n\u00e9r\u00e9 automatiquement.<\/li>\n<li>De nombreuses am\u00e9liorations de d\u00e9tail<\/li>\n<\/ul>\n<p>Le calcul fond\u00e9 et transparent du prix de l'occasion vous donne de l'assurance lors de l'entretien avec le client. Le label de l'association sur cet outil conf\u00e8re une cr\u00e9dibilit\u00e9 suppl\u00e9mentaire au calcul.<\/p>\n<\/div>\n<\/div><\/div><div id=\"panel-2860-0-0-1\" class=\"so-panel widget widget_sow-editor panel-last-child\" data-index=\"1\" ><div\n\t\t\t\n\t\t\tclass=\"so-widget-sow-editor so-widget-sow-editor-base\"\n\t\t\t\n\t\t><h3 class=\"widget-title\">Vous souhaitez obtenir l'outil d'occasion ou la mise \u00e0 jour ? Voici comment proc\u00e9der<\/h3>\n<div class=\"siteorigin-widget-tinymce textwidget\">\n\t<\/div>\n<\/div><\/div><\/div><\/div><div id=\"pg-2860-1\"  class=\"panel-grid panel-has-style\" ><div class=\"panel-row-style panel-row-style-for-2860-1\" ><div id=\"pgc-2860-1-0\"  class=\"panel-grid-cell panel-grid-cell-mobile-last\" ><div id=\"panel-2860-1-0-0\" class=\"so-panel widget widget_text panel-first-child panel-last-child\" data-index=\"2\" ><div class=\"so-rounded panel-widget-style panel-widget-style-for-2860-1-0-0\" >\t\t\t<div class=\"textwidget\"><p>Envoyer un mail au secr\u00e9tariat de 2roues Suisse <a href=\"m&#97;&#105;&#x6c;&#x74;&#x6f;:i&#110;&#102;&#x6f;&#x40;&#x32;r&#97;&#100;&#115;&#x63;&#x68;&#x77;e&#105;&#122;&#x2e;&#x63;&#x68;\">info&#64;&#50;&#114;&#97;&#100;&#x73;&#x63;&#x68;&#x77;&#x65;&#x69;&#x7a;&#46;ch<\/a><\/p>\n<p>Indiquez-nous dans ce courrier le nom et l&#8217;adresse exacts de votre entreprise. Veuillez y joindre le logo de votre entreprise. Nous l&#8217;int\u00e9grerons imm\u00e9diatement dans l&#8217;outil d&#8217;occasion.Le prix unique pour les membres de 2roues Suisse est de <strong>CHF\u00a0129.00<\/strong>, TVA comprise.Les personnes qui poss\u00e8dent d\u00e9j\u00e0 l&#8217;outil d&#8217;occasion et qui souhaitent obtenir la version mise \u00e0 jour paient <strong>CHF\u00a069.00<\/strong>, TVA comprise.<\/p>\n<p>&nbsp;<\/p>\n<p>Nous vous remercions de votre commande.<\/p>\n<\/div>\n\t\t<\/div><\/div><\/div><div id=\"pgc-2860-1-1\"  class=\"panel-grid-cell panel-grid-cell-empty\" ><\/div><\/div><\/div><\/div>","protected":false},"excerpt":{"rendered":"<p>L&#8217;augmentation des ventes de v\u00e9hicules s&#8217;accompagne d&#8217;un nombre croissant de demandes de clients pour l&#8217;\u00e9change de leur ancien v\u00e9lo. 2roues Suisse tient compte de cette \u00e9volution en mettant \u00e0 jour son outil d&#8217;occasion \u00e9prouv\u00e9. L&#8217;objectif est de d\u00e9terminer une valeur <a class=\"more-link\" href=\"https:\/\/www.2radschweiz.ch\/fr\/outil-de-calcul\/\">weiterlesen&#8230;<\/a><\/p>\n","protected":false},"author":7,"featured_media":0,"parent":0,"menu_order":22,"comment_status":"closed","ping_status":"closed","template":"","meta":{"footnotes":""},"class_list":["post-2860","page","type-page","status-publish","hentry"],"_links":{"self":[{"href":"https:\/\/www.2radschweiz.ch\/fr\/wp-json\/wp\/v2\/pages\/2860","targetHints":{"allow":["GET"]}}],"collection":[{"href":"https:\/\/www.2radschweiz.ch\/fr\/wp-json\/wp\/v2\/pages"}],"about":[{"href":"https:\/\/www.2radschweiz.ch\/fr\/wp-json\/wp\/v2\/types\/page"}],"author":[{"embeddable":true,"href":"https:\/\/www.2radschweiz.ch\/fr\/wp-json\/wp\/v2\/users\/7"}],"replies":[{"embeddable":true,"href":"https:\/\/www.2radschweiz.ch\/fr\/wp-json\/wp\/v2\/comments?post=2860"}],"version-history":[{"count":7,"href":"https:\/\/www.2radschweiz.ch\/fr\/wp-json\/wp\/v2\/pages\/2860\/revisions"}],"predecessor-version":[{"id":2867,"href":"https:\/\/www.2radschweiz.ch\/fr\/wp-json\/wp\/v2\/pages\/2860\/revisions\/2867"}],"wp:attachment":[{"href":"https:\/\/www.2radschweiz.ch\/fr\/wp-json\/wp\/v2\/media?parent=2860"}],"curies":[{"name":"wp","href":"https:\/\/api.w.org\/{rel}","templated":true}]}}