{"id":2834,"date":"2024-03-06T15:16:07","date_gmt":"2024-03-06T14:16:07","guid":{"rendered":"https:\/\/www.2radschweiz.ch\/fr\/?page_id=2834"},"modified":"2026-02-12T13:49:05","modified_gmt":"2026-02-12T12:49:05","slug":"assistant-maintenance-deux-roues-afp","status":"publish","type":"page","link":"https:\/\/www.2radschweiz.ch\/fr\/2rad-professions\/assistant-maintenance-deux-roues-afp\/","title":{"rendered":"Assistant(e) en maintenance des deux-roues AFP"},"content":{"rendered":"<div id=\"pl-2834\"  class=\"panel-layout\" ><div id=\"pg-2834-0\"  class=\"panel-grid panel-no-style\" ><div id=\"pgc-2834-0-0\"  class=\"panel-grid-cell\" ><div id=\"panel-2834-0-0-0\" class=\"so-panel widget widget_sow-editor panel-first-child panel-last-child\" data-index=\"0\" ><div\n\t\t\t\n\t\t\tclass=\"so-widget-sow-editor so-widget-sow-editor-base\"\n\t\t\t\n\t\t>\n<div class=\"siteorigin-widget-tinymce textwidget\">\n\t<p>Les assistants et assistantes en maintenance de deux-roues travaillent dans des entreprises de la branche des deux-roues. Selon la structure de l'entreprise, ils effectuent leurs activit\u00e9s sur des v\u00e9los avec ou sans moteur \u00e9lectrique (sp\u00e9cialisation en technique du v\u00e9lo) ou sur des motos \u00e0 moteur \u00e0 combustion ou \u00e0 propulsion alternative (sp\u00e9cialisation en technique de la moto). Les activit\u00e9s typiques sont des t\u00e2ches simples et structur\u00e9es de contr\u00f4le, de maintenance et de pr\u00e9paration, ainsi que le remplacement de pi\u00e8ces d'usure et de composants, lorsque la proc\u00e9dure est clairement d\u00e9finie et structur\u00e9e. En outre, ils r\u00e9\u00e9quipent des composants et des installations simples de la technique des deux-roues.<\/p>\n<\/div>\n<\/div><\/div><\/div><\/div><div id=\"pg-2834-1\"  class=\"panel-grid panel-no-style\" ><div id=\"pgc-2834-1-0\"  class=\"panel-grid-cell\" ><div id=\"panel-2834-1-0-0\" class=\"so-panel widget widget_sow-editor panel-first-child panel-last-child\" data-index=\"1\" ><div\n\t\t\t\n\t\t\tclass=\"so-widget-sow-editor so-widget-sow-editor-base\"\n\t\t\t\n\t\t><h3 class=\"widget-title\">T\u00e9l\u00e9chargements\/Ordonner<\/h3>\n<div class=\"siteorigin-widget-tinymce textwidget\">\n\t<ul>\n<li><a href=\"https:\/\/www.2radschweiz.ch\/fr\/wp-content\/uploads\/2rad-BiVo-Zweirad-Assistent-in-Kraft-01.10.2024-FR.pdf\" target=\"_blank\" rel=\"noopener\">Ordonnance (1<sup>er<\/sup> octobre\u00a02024)<\/a><\/li>\n<li><a href=\"https:\/\/www.2radschweiz.ch\/fr\/wp-content\/uploads\/2rad-BiPla-ZA-FR-VERSION-FINALE-pour-SEFRI-13.08.2024.pdf\" target=\"_blank\" rel=\"noopener\">Plan de formation (1<sup>er<\/sup> octrobre 2024)<\/a><\/li>\n<li><a href=\"https:\/\/www.2radschweiz.ch\/fr\/wp-content\/uploads\/PlafoN-EP-ADR-version-1.1-FR.pdf\" target=\"_blank\" rel=\"noopener\">Plan de formation national pour les \u00e9coles professionnelles (PlafoN EP), version 1.1<\/a><\/li>\n<li><a href=\"https:\/\/www.2radschweiz.ch\/fr\/wp-content\/uploads\/PSn-SP-ADR-1a-versione-1.1-IT.pdf\" target=\"_blank\" rel=\"noopener\">Piano di studio nazionale per le scuole professionali (PSn-SP), versione 1.1<\/a><\/li>\n<li><a href=\"https:\/\/www.2radschweiz.ch\/fr\/wp-content\/uploads\/Ausbildungsprogramm-Lehrbetriebe-ZA-Version-1.1-April-2025_FR.pdf\" target=\"_blank\" rel=\"noopener\">Programme de formation pour les entreprises formatrices, 1<sup>e<\/sup> version (\u00e9tat en 04\/2025)<\/a><\/li>\n<li><a href=\"https:\/\/www.2radschweiz.ch\/fr\/wp-content\/uploads\/Ausbildungsprogramm-ueK-ZA-Version-1.4-FR.pdf\" target=\"_blank\" rel=\"noopener\">Programme de formation pour les cours interentreprises (CI), 1<sup>e<\/sup> version (\u00e9tat en 06\/2025)<\/a><\/li>\n<li><a href=\"https:\/\/www.2radschweiz.ch\/fr\/wp-content\/uploads\/Ausbildungsprogramm-Lehrbetriebe-ZA-Version-1.1-April-2025-IT.pdf\" target=\"_blank\" rel=\"noopener\">Programma di formazione per le aziende formatrici, 1<sup>a<\/sup> versione (stato al 04\/2025)<\/a><\/li>\n<li><a href=\"https:\/\/www.2radschweiz.ch\/fr\/wp-content\/uploads\/Ausbildungsprogramm-ueK-ZA-Version-1.4-IT.pdf\" target=\"_blank\" rel=\"noopener\">Programma di formazione per i corsi interaziendali (CI), 1<sup>a<\/sup> versione (stato al 06\/2025)<\/a><\/li>\n<li><a href=\"https:\/\/www.2radschweiz.ch\/fr\/wp-content\/uploads\/Liste-des-professions-apparentees-2024-04-29.pdf\" target=\"_blank\" rel=\"noopener\">Fiche d'information sur les exigences professionnelles minimales pour les formateurs professionnels, Liste des professions apparent\u00e9es (29 avril 2024)<\/a><\/li>\n<li><a href=\"https:\/\/www.2radschweiz.ch\/fr\/contact\/\" target=\"_blank\" rel=\"noopener\">Commander le classeur de formation (Prix: CHF 60 frais d'exp\u00e9dition compris)<\/a><\/li>\n<\/ul>\n<\/div>\n<\/div><\/div><\/div><div id=\"pgc-2834-1-1\"  class=\"panel-grid-cell\" ><div id=\"panel-2834-1-1-0\" class=\"so-panel widget widget_sow-editor panel-first-child panel-last-child\" data-index=\"2\" ><div\n\t\t\t\n\t\t\tclass=\"so-widget-sow-editor so-widget-sow-editor-base\"\n\t\t\t\n\t\t><h3 class=\"widget-title\">Exigences<\/h3>\n<div class=\"siteorigin-widget-tinymce textwidget\">\n\t<ul>\n<li>Habilet\u00e9 manuelle<\/li>\n<li>Compr\u00e9hension technique<\/li>\n<li>Bonne capacit\u00e9 d\u2019\u00e9valuation<\/li>\n<li>Travail pr\u00e9cis<\/li>\n<\/ul>\n<\/div>\n<\/div><\/div><\/div><\/div><div id=\"pg-2834-2\"  class=\"panel-grid panel-no-style\" ><div id=\"pgc-2834-2-0\"  class=\"panel-grid-cell\" ><div id=\"panel-2834-2-0-0\" class=\"so-panel widget widget_sow-editor panel-first-child panel-last-child\" data-index=\"3\" ><div\n\t\t\t\n\t\t\tclass=\"so-widget-sow-editor so-widget-sow-editor-base\"\n\t\t\t\n\t\t><h3 class=\"widget-title\">Formation<\/h3>\n<div class=\"siteorigin-widget-tinymce textwidget\">\n\t<p>Fin de scolarit\u00e9 obligatoire.<\/p>\n<\/div>\n<\/div><\/div><\/div><div id=\"pgc-2834-2-1\"  class=\"panel-grid-cell\" ><div id=\"panel-2834-2-1-0\" class=\"so-panel widget widget_sow-editor panel-first-child panel-last-child\" data-index=\"4\" ><div\n\t\t\t\n\t\t\tclass=\"so-widget-sow-editor so-widget-sow-editor-base\"\n\t\t\t\n\t\t><h3 class=\"widget-title\">Apprentissage<\/h3>\n<div class=\"siteorigin-widget-tinymce textwidget\">\n\t<p>2 ann\u00e9es de formation pratique en entreprise associ\u00e9es \u00e0 une formation th\u00e9orique de 1 jour par semaine \u00e0 l\u2019\u00e9cole professionnelle.<\/p>\n<\/div>\n<\/div><\/div><\/div><\/div><div id=\"pg-2834-3\"  class=\"panel-grid panel-no-style\" ><div id=\"pgc-2834-3-0\"  class=\"panel-grid-cell panel-grid-cell-mobile-last\" ><div id=\"panel-2834-3-0-0\" class=\"so-panel widget widget_sow-editor panel-first-child panel-last-child\" data-index=\"5\" ><div\n\t\t\t\n\t\t\tclass=\"so-widget-sow-editor so-widget-sow-editor-base\"\n\t\t\t\n\t\t><h3 class=\"widget-title\">Particularit\u00e9s<\/h3>\n<div class=\"siteorigin-widget-tinymce textwidget\">\n\t<p>Les assistantes et assistants en maintenance des deux-roues travaillent le plus souvent dans des petites ou moyennes entreprises. Ils sont plus sollicit\u00e9s au printemps et en \u00e9t\u00e9 lorsque la saison v\u00e9lo bat son plein. Leur temps de travail correspond aux heures d\u2019ouverture usuelles des magasins. Le samedi est donc un jour ouvrable et le lundi, en principe, le jour de repos hebdomadaire.<\/p>\n<\/div>\n<\/div><\/div><\/div><div id=\"pgc-2834-3-1\"  class=\"panel-grid-cell panel-grid-cell-empty\" ><\/div><\/div><div id=\"pg-2834-4\"  class=\"panel-grid panel-no-style\" ><div id=\"pgc-2834-4-0\"  class=\"panel-grid-cell\" ><div id=\"panel-2834-4-0-0\" class=\"so-panel widget widget_sow-editor panel-first-child panel-last-child\" data-index=\"6\" ><div\n\t\t\t\n\t\t\tclass=\"so-widget-sow-editor so-widget-sow-editor-base\"\n\t\t\t\n\t\t><h3 class=\"widget-title\">Dipl\u00f4me<\/h3>\n<div class=\"siteorigin-widget-tinymce textwidget\">\n\t<p>Le Certificat f\u00e9d\u00e9ral de capacit\u00e9 d' \u00ab Assistante\/e en maintenance des deux-roues AFP \u00bb est obtenu apr\u00e8s avoir r\u00e9ussi l\u2019examen de fin d\u2019apprentissage.<\/p>\n<\/div>\n<\/div><\/div><\/div><div id=\"pgc-2834-4-1\"  class=\"panel-grid-cell\" ><div id=\"panel-2834-4-1-0\" class=\"so-panel widget widget_sow-editor panel-first-child panel-last-child\" data-index=\"7\" ><div\n\t\t\t\n\t\t\tclass=\"so-widget-sow-editor so-widget-sow-editor-base\"\n\t\t\t\n\t\t><h3 class=\"widget-title\">Formation continue<\/h3>\n<div class=\"siteorigin-widget-tinymce textwidget\">\n\t<p>Diff\u00e9rentes possibilit\u00e9s de formation continue sont propos\u00e9es d\u00e8s la fin de l\u2019apprentissage:<\/p>\n<ul>\n<li style=\"font-style: inherit; font-weight: inherit;\">Apprentissage compl\u00e9mentaire de m\u00e9canicien\/ne en cycles CFC ou<\/li>\n<li style=\"font-style: inherit; font-weight: inherit;\">Apprentissage compl\u00e9mentaire m\u00e9canicien\/ne en motocycles CFC<\/li>\n<\/ul>\n<\/div>\n<\/div><\/div><\/div><\/div><\/div>","protected":false},"excerpt":{"rendered":"<p>Les assistants et assistantes en maintenance de deux-roues travaillent dans des entreprises de la branche des deux-roues. Selon la structure de l&#8217;entreprise, ils effectuent leurs activit\u00e9s sur des v\u00e9los avec ou sans moteur \u00e9lectrique (sp\u00e9cialisation en technique du v\u00e9lo) ou <a class=\"more-link\" href=\"https:\/\/www.2radschweiz.ch\/fr\/2rad-professions\/assistant-maintenance-deux-roues-afp\/\">weiterlesen&#8230;<\/a><\/p>\n","protected":false},"author":7,"featured_media":0,"parent":6,"menu_order":3,"comment_status":"closed","ping_status":"closed","template":"","meta":{"footnotes":""},"class_list":["post-2834","page","type-page","status-publish","hentry"],"_links":{"self":[{"href":"https:\/\/www.2radschweiz.ch\/fr\/wp-json\/wp\/v2\/pages\/2834","targetHints":{"allow":["GET"]}}],"collection":[{"href":"https:\/\/www.2radschweiz.ch\/fr\/wp-json\/wp\/v2\/pages"}],"about":[{"href":"https:\/\/www.2radschweiz.ch\/fr\/wp-json\/wp\/v2\/types\/page"}],"author":[{"embeddable":true,"href":"https:\/\/www.2radschweiz.ch\/fr\/wp-json\/wp\/v2\/users\/7"}],"replies":[{"embeddable":true,"href":"https:\/\/www.2radschweiz.ch\/fr\/wp-json\/wp\/v2\/comments?post=2834"}],"version-history":[{"count":27,"href":"https:\/\/www.2radschweiz.ch\/fr\/wp-json\/wp\/v2\/pages\/2834\/revisions"}],"predecessor-version":[{"id":3463,"href":"https:\/\/www.2radschweiz.ch\/fr\/wp-json\/wp\/v2\/pages\/2834\/revisions\/3463"}],"up":[{"embeddable":true,"href":"https:\/\/www.2radschweiz.ch\/fr\/wp-json\/wp\/v2\/pages\/6"}],"wp:attachment":[{"href":"https:\/\/www.2radschweiz.ch\/fr\/wp-json\/wp\/v2\/media?parent=2834"}],"curies":[{"name":"wp","href":"https:\/\/api.w.org\/{rel}","templated":true}]}}