{"id":2,"date":"2017-03-02T13:51:18","date_gmt":"2017-03-02T12:51:18","guid":{"rendered":"http:\/\/www.2radschweiz.ch\/fr\/?page_id=2"},"modified":"2026-04-28T15:18:52","modified_gmt":"2026-04-28T13:18:52","slug":"willkommen","status":"publish","type":"page","link":"https:\/\/www.2radschweiz.ch\/fr\/","title":{"rendered":"L&#8217;union professionnelle de la branche deux-roues"},"content":{"rendered":"<div id=\"pl-2\"  class=\"panel-layout\" ><div id=\"pg-2-0\"  class=\"panel-grid panel-no-style\" ><div id=\"pgc-2-0-0\"  class=\"panel-grid-cell\" ><div id=\"panel-2-0-0-0\" class=\"so-panel widget widget_sow-editor panel-first-child panel-last-child\" data-index=\"0\" ><div\n\t\t\t\n\t\t\tclass=\"so-widget-sow-editor so-widget-sow-editor-base\"\n\t\t\t\n\t\t><h3 class=\"widget-title\">2roues Suisse News<\/h3>\n<div class=\"siteorigin-widget-tinymce textwidget\">\n\t<ul style=\"list-style-image: url('https:\/\/www.2radschweiz.ch\/fr\/wp-content\/uploads\/2017\/04\/aufzahlung.jpg'); padding-top: -30px;\">\n<li><a href=\"https:\/\/www.2radschweiz.ch\/fr\/europacup-2026\/\"><strong>EuropaCup 2026 des m\u00e9canicien\/nes en cycles et en motocycles \u00e0 Guyancourt (F) \u2013 victoire au classement des d\u00e9l\u00e9gations<\/strong><\/a><\/li>\n<li><a href=\"https:\/\/www.2radschweiz.ch\/fr\/certification-ateliers-velo\/\" target=\"_blank\" rel=\"noopener\"><strong>Formation \u00abcertification pour ateliers v\u00e9lo\u00bb en Suisse romande \u2013 prochaines dates<\/strong><\/a><\/li>\n<li><a href=\"https:\/\/www.2radschweiz.ch\/fr\/coffret-de-stage\/\" target=\"_blank\" rel=\"noopener\"><strong>Nouvelle mouture du coffret de stage \u2013 en savoir plus et commander<\/strong><\/a><\/li>\n<li><a href=\"https:\/\/www.2rad-event.ch\/fr\" target=\"_blank\" rel=\"noopener\"><strong>\u00c9v\u00e9nement 2roues 2025 \u2013 impressions<\/strong><\/a><\/li>\n<li><strong><a href=\"https:\/\/www.2radschweiz.ch\/fr\/mitgliederbereich\/\" target=\"_blank\" rel=\"noopener\">Assurances sociales 2026 \u2013 les cotisations resterons inchang\u00e9es<\/a><\/strong><\/li>\n<li><strong><a href=\"https:\/\/www.2radschweiz.ch\/fr\/swissskills-2025-2\/\">SwissSkills 2025 \u2013 les meilleurs talents professionnels de Suisse ont \u00e9t\u00e9 \u00e9lus !<\/a><\/strong><\/li>\n<li><a href=\"https:\/\/www.2radschweiz.ch\/fr\/inform\/\" rel=\"noopener\"><strong>\u00ab inform \u00bb fait peau neuve : soyez de la partie !<\/strong><\/a><\/li>\n<li><a href=\"https:\/\/www.2rad-event.ch\/fr\" target=\"_blank\" rel=\"noopener\"><strong>\u00c9v\u00e9nement 2roues du 24 novembre 2025 \u2013 en savoir plus et s'inscrire<\/strong><\/a><\/li>\n<li><a href=\"https:\/\/www.2radschweiz.ch\/fr\/a-velo-en-toute-securite\/\"><strong>\u00c0 v\u00e9lo en toute s\u00e9curit\u00e9 \u2013 guide du savoir-vivre <\/strong><strong>sur<\/strong><strong> la route<\/strong><\/a><\/li>\n<li><a href=\"https:\/\/www.2radschweiz.ch\/fr\/wp-content\/uploads\/BBF-Jahresbericht-2024.pdf\" target=\"_blank\" rel=\"noopener\"><strong>Fonds de formation \u2013 rapport annuel 2024<\/strong><\/a><\/li>\n<li><a href=\"https:\/\/www.2radschweiz.ch\/fr\/respect-plutot-que-bruit\/\"><strong>Respect plut\u00f4t que bruit \u2013 mise \u00e0 jour de la campagne<\/strong><\/a><\/li>\n<li><a href=\"https:\/\/www.2radschweiz.ch\/fr\/futur-en-tous-genres\/\"><strong>Futur en tous genres du 13 novembre 2025 \u2013 promouvoir la diversit\u00e9 et l\u2019\u00e9galit\u00e9 des chances dans le monde professionnel<\/strong><\/a><\/li>\n<li><strong><a href=\"https:\/\/www.2radschweiz.ch\/fr\/nouvelles-prescriptions-velos-electriques-2025\/\" rel=\"noopener\">Nouvelles prescriptions pour les v\u00e9los \u00e9lectriques \u00e0 partir du 1er juillet 2025<\/a><\/strong><\/li>\n<li><a href=\"https:\/\/www.2radschweiz.ch\/fr\/planzer\/\"><strong>Coop\u00e9ration renforc\u00e9e \u2013 NOUVEAU : transport de v\u00e9los avec Planzer<\/strong><\/a><\/li>\n<li><a href=\"https:\/\/www.2radschweiz.ch\/fr\/sad\/\"><strong>S\u00e9curit\u00e9 au travail \u2013 solution de branche SAD<\/strong><\/a><\/li>\n<li><strong><a href=\"https:\/\/www.2radschweiz.ch\/fr\/outil-de-calcul\/\">Outil de calcul pour l\u2019\u00e9change de v\u00e9los \u2013 nouvelle version<\/a><\/strong><\/li>\n<li><strong><span style=\"color: #000000;\"><a style=\"color: #000000; text-decoration: underline;\" href=\"https:\/\/www.2radschweiz.ch\/fr\/2rad-professions\/offres-emploi\/\" rel=\"noopener\">Offres d'emploi<\/a><\/span><\/strong><strong><br \/>\n<\/strong><\/li>\n<\/ul>\n<\/div>\n<\/div><\/div><\/div><div id=\"pgc-2-0-1\"  class=\"panel-grid-cell\" ><div id=\"panel-2-0-1-0\" class=\"so-panel widget widget_sow-editor panel-first-child panel-last-child\" data-index=\"1\" ><div\n\t\t\t\n\t\t\tclass=\"so-widget-sow-editor so-widget-sow-editor-base\"\n\t\t\t\n\t\t><h3 class=\"widget-title\">contactes-nous<\/h3>\n<div class=\"siteorigin-widget-tinymce textwidget\">\n\t<p>2rad Schweiz<br \/>\nBahnhofstrasse 86<br \/>\n5001 Aarau<\/p>\n<p><a href=\"mail&#116;&#111;&#58;&#105;&#110;&#x66;&#x6f;&#x40;&#x32;&#x72;&#x61;&#x64;schw&#101;&#105;&#122;&#46;&#99;&#x68;\" target=\"_blank\" rel=\"noopener\">&#105;&#x6e;&#102;&#x6f;&#64;&#x32;&#114;&#x61;&#100;&#x73;&#99;&#x68;w&#x65;i&#x7a;&#46;&#x63;h<\/a><br \/>\nTel \u00a0062 823 37 85<\/p>\n<p>&nbsp;<\/p>\n<\/div>\n<\/div><\/div><\/div><\/div><div id=\"pg-2-1\"  class=\"panel-grid panel-no-style\" ><div id=\"pgc-2-1-0\"  class=\"panel-grid-cell\" ><div id=\"panel-2-1-0-0\" class=\"so-panel widget widget_sow-editor panel-first-child panel-last-child\" data-index=\"2\" ><div\n\t\t\t\n\t\t\tclass=\"so-widget-sow-editor so-widget-sow-editor-base\"\n\t\t\t\n\t\t>\n<div class=\"siteorigin-widget-tinymce textwidget\">\n\t<\/div>\n<\/div><\/div><\/div><div id=\"pgc-2-1-1\"  class=\"panel-grid-cell\" ><div id=\"panel-2-1-1-0\" class=\"so-panel widget widget_sow-editor panel-first-child panel-last-child\" data-index=\"3\" ><div\n\t\t\t\n\t\t\tclass=\"so-widget-sow-editor so-widget-sow-editor-base\"\n\t\t\t\n\t\t>\n<div class=\"siteorigin-widget-tinymce textwidget\">\n\t<\/div>\n<\/div><\/div><\/div><\/div><\/div>","protected":false},"excerpt":{"rendered":"<p>EuropaCup 2026 des m\u00e9canicien\/nes en cycles et en motocycles \u00e0 Guyancourt (F) \u2013 victoire au classement des d\u00e9l\u00e9gations Formation \u00abcertification pour ateliers v\u00e9lo\u00bb en Suisse romande \u2013 prochaines dates Nouvelle mouture du coffret de stage \u2013 en savoir plus et <a class=\"more-link\" href=\"https:\/\/www.2radschweiz.ch\/fr\/\">weiterlesen&#8230;<\/a><\/p>\n","protected":false},"author":7,"featured_media":0,"parent":0,"menu_order":1,"comment_status":"closed","ping_status":"closed","template":"","meta":{"footnotes":""},"class_list":["post-2","page","type-page","status-publish","hentry"],"_links":{"self":[{"href":"https:\/\/www.2radschweiz.ch\/fr\/wp-json\/wp\/v2\/pages\/2","targetHints":{"allow":["GET"]}}],"collection":[{"href":"https:\/\/www.2radschweiz.ch\/fr\/wp-json\/wp\/v2\/pages"}],"about":[{"href":"https:\/\/www.2radschweiz.ch\/fr\/wp-json\/wp\/v2\/types\/page"}],"author":[{"embeddable":true,"href":"https:\/\/www.2radschweiz.ch\/fr\/wp-json\/wp\/v2\/users\/7"}],"replies":[{"embeddable":true,"href":"https:\/\/www.2radschweiz.ch\/fr\/wp-json\/wp\/v2\/comments?post=2"}],"version-history":[{"count":183,"href":"https:\/\/www.2radschweiz.ch\/fr\/wp-json\/wp\/v2\/pages\/2\/revisions"}],"predecessor-version":[{"id":3596,"href":"https:\/\/www.2radschweiz.ch\/fr\/wp-json\/wp\/v2\/pages\/2\/revisions\/3596"}],"wp:attachment":[{"href":"https:\/\/www.2radschweiz.ch\/fr\/wp-json\/wp\/v2\/media?parent=2"}],"curies":[{"name":"wp","href":"https:\/\/api.w.org\/{rel}","templated":true}]}}